{"id":11413,"date":"2025-10-10T17:39:37","date_gmt":"2025-10-10T15:39:37","guid":{"rendered":"https:\/\/maggmalight.com\/?post_type=product&#038;p=11413"},"modified":"2025-10-10T18:13:11","modified_gmt":"2025-10-10T16:13:11","slug":"a2162l","status":"publish","type":"product","link":"https:\/\/maggmalight.com\/index.php\/product\/a2162l\/","title":{"rendered":"MAGO A2162L : Projecteur sur rail"},"content":{"rendered":"<p>&nbsp;<\/p>\n<p>La s\u00e9rie \ud835\udde0\ud835\uddd4\ud835\uddda\ud835\udde2 \ud835\uddd4\ud835\udfee\ud835\udfed\ud835\udff2\ud835\udfee\ud835\udddf est une gamme compacte de projecteurs LED 12W con\u00e7us pour les syst\u00e8mes de rail \u00e0 basse tension 48V LV26. Ces spots allient performance lumineuse, design minimaliste et flexibilit\u00e9 d&rsquo;installation pour l&rsquo;\u00e9clairage int\u00e9rieur exigeant.<\/p>\n<div id='gallery-1' class='gallery galleryid-11413 gallery-columns-4 gallery-size-medium'><figure class='gallery-item'>\n\t\t\t<div class='gallery-icon landscape'>\n\t\t\t\t<a href='https:\/\/maggmalight.com\/?attachment_id=11425'><img fetchpriority=\"high\" decoding=\"async\" width=\"300\" height=\"300\" src=\"https:\/\/maggmalight.com\/wp-content\/uploads\/2025\/10\/3-A2162L-300x300.webp\" class=\"attachment-medium size-medium\" alt=\"\" srcset=\"https:\/\/maggmalight.com\/wp-content\/uploads\/2025\/10\/3-A2162L-300x300.webp 300w, https:\/\/maggmalight.com\/wp-content\/uploads\/2025\/10\/3-A2162L-1024x1024.webp 1024w, https:\/\/maggmalight.com\/wp-content\/uploads\/2025\/10\/3-A2162L-150x150.webp 150w, https:\/\/maggmalight.com\/wp-content\/uploads\/2025\/10\/3-A2162L-768x768.webp 768w, https:\/\/maggmalight.com\/wp-content\/uploads\/2025\/10\/3-A2162L-1536x1536.webp 1536w, https:\/\/maggmalight.com\/wp-content\/uploads\/2025\/10\/3-A2162L-1320x1320.webp 1320w, https:\/\/maggmalight.com\/wp-content\/uploads\/2025\/10\/3-A2162L-600x600.webp 600w, https:\/\/maggmalight.com\/wp-content\/uploads\/2025\/10\/3-A2162L-100x100.webp 100w, https:\/\/maggmalight.com\/wp-content\/uploads\/2025\/10\/3-A2162L.webp 2000w\" sizes=\"(max-width: 300px) 100vw, 300px\" \/><\/a>\n\t\t\t<\/div><\/figure><figure class='gallery-item'>\n\t\t\t<div class='gallery-icon landscape'>\n\t\t\t\t<a href='https:\/\/maggmalight.com\/?attachment_id=11414'><img decoding=\"async\" width=\"300\" height=\"300\" src=\"https:\/\/maggmalight.com\/wp-content\/uploads\/2025\/10\/4-A2162L-300x300.webp\" class=\"attachment-medium size-medium\" alt=\"\" srcset=\"https:\/\/maggmalight.com\/wp-content\/uploads\/2025\/10\/4-A2162L-300x300.webp 300w, https:\/\/maggmalight.com\/wp-content\/uploads\/2025\/10\/4-A2162L-1024x1024.webp 1024w, https:\/\/maggmalight.com\/wp-content\/uploads\/2025\/10\/4-A2162L-150x150.webp 150w, https:\/\/maggmalight.com\/wp-content\/uploads\/2025\/10\/4-A2162L-768x768.webp 768w, https:\/\/maggmalight.com\/wp-content\/uploads\/2025\/10\/4-A2162L-1536x1536.webp 1536w, https:\/\/maggmalight.com\/wp-content\/uploads\/2025\/10\/4-A2162L-1320x1320.webp 1320w, https:\/\/maggmalight.com\/wp-content\/uploads\/2025\/10\/4-A2162L-600x600.webp 600w, https:\/\/maggmalight.com\/wp-content\/uploads\/2025\/10\/4-A2162L-100x100.webp 100w, https:\/\/maggmalight.com\/wp-content\/uploads\/2025\/10\/4-A2162L.webp 2000w\" sizes=\"(max-width: 300px) 100vw, 300px\" \/><\/a>\n\t\t\t<\/div><\/figure><figure class='gallery-item'>\n\t\t\t<div class='gallery-icon landscape'>\n\t\t\t\t<a href='https:\/\/maggmalight.com\/?attachment_id=11415'><img decoding=\"async\" width=\"300\" height=\"300\" src=\"https:\/\/maggmalight.com\/wp-content\/uploads\/2025\/10\/5-A2162L-300x300.webp\" class=\"attachment-medium size-medium\" alt=\"\" srcset=\"https:\/\/maggmalight.com\/wp-content\/uploads\/2025\/10\/5-A2162L-300x300.webp 300w, https:\/\/maggmalight.com\/wp-content\/uploads\/2025\/10\/5-A2162L-1024x1024.webp 1024w, https:\/\/maggmalight.com\/wp-content\/uploads\/2025\/10\/5-A2162L-150x150.webp 150w, https:\/\/maggmalight.com\/wp-content\/uploads\/2025\/10\/5-A2162L-768x768.webp 768w, https:\/\/maggmalight.com\/wp-content\/uploads\/2025\/10\/5-A2162L-1536x1536.webp 1536w, https:\/\/maggmalight.com\/wp-content\/uploads\/2025\/10\/5-A2162L-1320x1320.webp 1320w, https:\/\/maggmalight.com\/wp-content\/uploads\/2025\/10\/5-A2162L-600x600.webp 600w, https:\/\/maggmalight.com\/wp-content\/uploads\/2025\/10\/5-A2162L-100x100.webp 100w, https:\/\/maggmalight.com\/wp-content\/uploads\/2025\/10\/5-A2162L.webp 2000w\" sizes=\"(max-width: 300px) 100vw, 300px\" \/><\/a>\n\t\t\t<\/div><\/figure><figure class='gallery-item'>\n\t\t\t<div class='gallery-icon landscape'>\n\t\t\t\t<a href='https:\/\/maggmalight.com\/?attachment_id=11416'><img loading=\"lazy\" decoding=\"async\" width=\"300\" height=\"300\" src=\"https:\/\/maggmalight.com\/wp-content\/uploads\/2025\/10\/6-A2162L-300x300.webp\" class=\"attachment-medium size-medium\" alt=\"\" srcset=\"https:\/\/maggmalight.com\/wp-content\/uploads\/2025\/10\/6-A2162L-300x300.webp 300w, https:\/\/maggmalight.com\/wp-content\/uploads\/2025\/10\/6-A2162L-1024x1024.webp 1024w, https:\/\/maggmalight.com\/wp-content\/uploads\/2025\/10\/6-A2162L-150x150.webp 150w, https:\/\/maggmalight.com\/wp-content\/uploads\/2025\/10\/6-A2162L-768x768.webp 768w, https:\/\/maggmalight.com\/wp-content\/uploads\/2025\/10\/6-A2162L-1536x1536.webp 1536w, https:\/\/maggmalight.com\/wp-content\/uploads\/2025\/10\/6-A2162L-1320x1320.webp 1320w, https:\/\/maggmalight.com\/wp-content\/uploads\/2025\/10\/6-A2162L-600x600.webp 600w, https:\/\/maggmalight.com\/wp-content\/uploads\/2025\/10\/6-A2162L-100x100.webp 100w, https:\/\/maggmalight.com\/wp-content\/uploads\/2025\/10\/6-A2162L.webp 2000w\" sizes=\"(max-width: 300px) 100vw, 300px\" \/><\/a>\n\t\t\t<\/div><\/figure>\n\t\t<\/div>\n\n<h4>Caract\u00e9ristiques Principales<\/h4>\n<p>&nbsp;<\/p>\n<h5>Performance Lumineuse<\/h5>\n<ul>\n<li>\n<p class=\"ds-markdown-paragraph\"><strong>Puissance<\/strong>\u00a0: 12W<\/p>\n<\/li>\n<li>\n<p class=\"ds-markdown-paragraph\"><strong>Flux lumineux<\/strong>\u00a0:<\/p>\n<ul>\n<li>\n<p class=\"ds-markdown-paragraph\">Versions \u00e0 temp\u00e9rature fixe : 1030-1200 lm<\/p>\n<\/li>\n<li>\n<p class=\"ds-markdown-paragraph\">Versions \u00e0 blanc r\u00e9glable : 860-1050 lm<\/p>\n<\/li>\n<\/ul>\n<\/li>\n<li>\n<p class=\"ds-markdown-paragraph\"><strong>Efficacit\u00e9 \u00e9nerg\u00e9tique<\/strong>\u00a0optimale<\/p>\n<\/li>\n<\/ul>\n<p>&nbsp;<\/p>\n<h5>Technologies d&rsquo;\u00c9clairage<\/h5>\n<ul>\n<li>\n<p class=\"ds-markdown-paragraph\"><strong>Indice de Rendu Chromatique (CRI)<\/strong>\u00a0: Ra90 minimum<\/p>\n<\/li>\n<li>\n<p class=\"ds-markdown-paragraph\"><strong>Options de temp\u00e9rature de couleur<\/strong>\u00a0:<\/p>\n<ul>\n<li>\n<p class=\"ds-markdown-paragraph\"><strong>Blanc fixe<\/strong>\u00a0: 2700K, 3000K, 3500K, 4000K (LED CITIZEN)<\/p>\n<\/li>\n<li>\n<p class=\"ds-markdown-paragraph\"><strong>Blanc r\u00e9glable<\/strong>\u00a0: 2700K \u00e0 6500K (LED SANAN)<\/p>\n<\/li>\n<\/ul>\n<\/li>\n<li>\n<p class=\"ds-markdown-paragraph\"><strong>Pr\u00e9cision chromatique<\/strong>\u00a0: \u22643 SDCM (MacAdam)<\/p>\n<\/li>\n<\/ul>\n<p>&nbsp;<\/p>\n<h5>Syst\u00e8me Optique Avanc\u00e9<\/h5>\n<ul>\n<li>\n<p class=\"ds-markdown-paragraph\"><strong>Objectif PC<\/strong>\u00a0de haute qualit\u00e9<\/p>\n<\/li>\n<li>\n<p class=\"ds-markdown-paragraph\"><strong>Angles d&rsquo;ouverture multiples<\/strong>\u00a0: 15\u00b0, 24\u00b0, 36\u00b0, 60\u00b0<\/p>\n<\/li>\n<li>\n<p class=\"ds-markdown-paragraph\"><strong>Distribution lumineuse<\/strong>\u00a0pr\u00e9cise et uniforme<\/p>\n<\/li>\n<\/ul>\n<p>&nbsp;<\/p>\n<h5>Conception M\u00e9canique<\/h5>\n<ul>\n<li>\n<p class=\"ds-markdown-paragraph\"><strong>Design compact<\/strong>\u00a0: \u00d862mm \u00d7 H98mm<\/p>\n<\/li>\n<li>\n<p class=\"ds-markdown-paragraph\"><strong>Mobilit\u00e9 compl\u00e8te<\/strong>\u00a0:<\/p>\n<ul>\n<li>\n<p class=\"ds-markdown-paragraph\">Inclinaison : 120\u00b0<\/p>\n<\/li>\n<li>\n<p class=\"ds-markdown-paragraph\">Rotation : 355\u00b0<\/p>\n<\/li>\n<\/ul>\n<\/li>\n<li>\n<p class=\"ds-markdown-paragraph\"><strong>Mat\u00e9riaux<\/strong>\u00a0: Bo\u00eetier aluminium avec finition poudre blanc\/noir<\/p>\n<\/li>\n<\/ul>\n<div id='gallery-2' class='gallery galleryid-11413 gallery-columns-2 gallery-size-medium'><figure class='gallery-item'>\n\t\t\t<div class='gallery-icon landscape'>\n\t\t\t\t<a href='https:\/\/maggmalight.com\/?attachment_id=11422'><img loading=\"lazy\" decoding=\"async\" width=\"300\" height=\"300\" src=\"https:\/\/maggmalight.com\/wp-content\/uploads\/2025\/10\/12-A2162L-300x300.webp\" class=\"attachment-medium size-medium\" alt=\"\" srcset=\"https:\/\/maggmalight.com\/wp-content\/uploads\/2025\/10\/12-A2162L-300x300.webp 300w, https:\/\/maggmalight.com\/wp-content\/uploads\/2025\/10\/12-A2162L-1024x1024.webp 1024w, https:\/\/maggmalight.com\/wp-content\/uploads\/2025\/10\/12-A2162L-150x150.webp 150w, https:\/\/maggmalight.com\/wp-content\/uploads\/2025\/10\/12-A2162L-768x768.webp 768w, https:\/\/maggmalight.com\/wp-content\/uploads\/2025\/10\/12-A2162L-1536x1536.webp 1536w, https:\/\/maggmalight.com\/wp-content\/uploads\/2025\/10\/12-A2162L-1320x1320.webp 1320w, https:\/\/maggmalight.com\/wp-content\/uploads\/2025\/10\/12-A2162L-600x600.webp 600w, https:\/\/maggmalight.com\/wp-content\/uploads\/2025\/10\/12-A2162L-100x100.webp 100w, https:\/\/maggmalight.com\/wp-content\/uploads\/2025\/10\/12-A2162L.webp 2000w\" sizes=\"(max-width: 300px) 100vw, 300px\" \/><\/a>\n\t\t\t<\/div><\/figure><figure class='gallery-item'>\n\t\t\t<div class='gallery-icon landscape'>\n\t\t\t\t<a href='https:\/\/maggmalight.com\/?attachment_id=11421'><img loading=\"lazy\" decoding=\"async\" width=\"300\" height=\"300\" src=\"https:\/\/maggmalight.com\/wp-content\/uploads\/2025\/10\/11-A2162L-300x300.webp\" class=\"attachment-medium size-medium\" alt=\"\" srcset=\"https:\/\/maggmalight.com\/wp-content\/uploads\/2025\/10\/11-A2162L-300x300.webp 300w, https:\/\/maggmalight.com\/wp-content\/uploads\/2025\/10\/11-A2162L-1024x1024.webp 1024w, https:\/\/maggmalight.com\/wp-content\/uploads\/2025\/10\/11-A2162L-150x150.webp 150w, https:\/\/maggmalight.com\/wp-content\/uploads\/2025\/10\/11-A2162L-768x768.webp 768w, https:\/\/maggmalight.com\/wp-content\/uploads\/2025\/10\/11-A2162L-1536x1536.webp 1536w, https:\/\/maggmalight.com\/wp-content\/uploads\/2025\/10\/11-A2162L-1320x1320.webp 1320w, https:\/\/maggmalight.com\/wp-content\/uploads\/2025\/10\/11-A2162L-600x600.webp 600w, https:\/\/maggmalight.com\/wp-content\/uploads\/2025\/10\/11-A2162L-100x100.webp 100w, https:\/\/maggmalight.com\/wp-content\/uploads\/2025\/10\/11-A2162L.webp 2000w\" sizes=\"(max-width: 300px) 100vw, 300px\" \/><\/a>\n\t\t\t<\/div><\/figure>\n\t\t<\/div>\n\n<h4>Caract\u00e9ristiques Techniques<\/h4>\n<p>&nbsp;<\/p>\n<h5>\u00c9lectrique<\/h5>\n<ul>\n<li>\n<p class=\"ds-markdown-paragraph\"><strong>Tension d&rsquo;alimentation<\/strong>\u00a0: DC 48V<\/p>\n<\/li>\n<li>\n<p class=\"ds-markdown-paragraph\"><strong>Facteur de puissance<\/strong>\u00a0: &gt;0.9<\/p>\n<\/li>\n<li>\n<p class=\"ds-markdown-paragraph\"><strong>Protection<\/strong>\u00a0: Classe II<\/p>\n<\/li>\n<li>\n<p class=\"ds-markdown-paragraph\"><strong>Plage de temp\u00e9rature<\/strong>\u00a0: -20\u00b0C \u00e0 +40\u00b0C<\/p>\n<\/li>\n<\/ul>\n<p>&nbsp;<\/p>\n<h5><strong data-start=\"430\" data-end=\"450\">Mode de contr\u00f4le<\/strong>\u00a0:<\/h5>\n<ul>\n<li style=\"list-style-type: none;\">\n<ul data-start=\"457\" data-end=\"590\">\n<li data-start=\"457\" data-end=\"479\">\n<p data-start=\"459\" data-end=\"479\">On\/Off (classique)<\/p>\n<\/li>\n<li data-start=\"482\" data-end=\"512\">\n<p data-start=\"484\" data-end=\"512\">RF Remote (commande radio)\u00a0\u00a0<b>\u00a0<\/b><\/p>\n<\/li>\n<li data-start=\"515\" data-end=\"544\">\n<p data-start=\"517\" data-end=\"544\">DALI (pilotage num\u00e9rique)<\/p>\n<\/li>\n<li data-start=\"547\" data-end=\"590\">\n<p data-start=\"549\" data-end=\"590\">Casambi (gestion intelligente sans fil)\u00a0\u00a0<b>\u00a0<\/b><\/p>\n<\/li>\n<\/ul>\n<\/li>\n<\/ul>\n<p>&nbsp;<\/p>\n<h5>S\u00e9curit\u00e9 et Certification<\/h5>\n<ul>\n<li>\n<p class=\"ds-markdown-paragraph\"><strong>Indice de Protection<\/strong>\u00a0: IP20 (usage int\u00e9rieur)<\/p>\n<\/li>\n<li>\n<p class=\"ds-markdown-paragraph\"><strong>Driver LED<\/strong>\u00a0: Certification CE<\/p>\n<\/li>\n<li>\n<p class=\"ds-markdown-paragraph\"><strong>Marque de LED<\/strong>\u00a0: CITIZEN ou SANAN<\/p>\n<\/li>\n<\/ul>\n<p>&nbsp;<\/p>\n<h5>Applications Id\u00e9ales<\/h5>\n<ul>\n<li>\n<p class=\"ds-markdown-paragraph\"><strong>Commerce de d\u00e9tail<\/strong>\u00a0: Boutiques, vitrines<\/p>\n<\/li>\n<li>\n<p class=\"ds-markdown-paragraph\"><strong>Espaces d&rsquo;exposition<\/strong>\u00a0: Galeries, mus\u00e9es<\/p>\n<\/li>\n<li>\n<p class=\"ds-markdown-paragraph\"><strong>H\u00f4tellerie<\/strong>\u00a0: Restaurants, halls d&rsquo;h\u00f4tel<\/p>\n<\/li>\n<li>\n<p class=\"ds-markdown-paragraph\"><strong>Bureaux<\/strong>\u00a0: \u00c9clairage d&rsquo;accent et directionnel<\/p>\n<\/li>\n<li>\n<p class=\"ds-markdown-paragraph\"><strong>R\u00e9sidentiel<\/strong>\u00a0: \u00c9clairage d&rsquo;ambiance haut de gamme<\/p>\n<\/li>\n<\/ul>\n<p>&nbsp;<\/p>\n<p data-start=\"1657\" data-end=\"1676\"><strong data-start=\"1661\" data-end=\"1674\">Remarques :<\/strong><\/p>\n<ul data-start=\"1677\" data-end=\"1876\">\n<li data-start=\"1677\" data-end=\"1787\">\n<p data-start=\"1679\" data-end=\"1787\">Pour d\u2019autres options ou obtenir le rapport de test original, merci de contacter notre \u00e9quipe commerciale.<\/p>\n<\/li>\n<li data-start=\"1788\" data-end=\"1876\">\n<p data-start=\"1790\" data-end=\"1876\">Toutes les donn\u00e9es techniques sont sujettes aux tol\u00e9rances standards de l\u2019industrie.<\/p>\n<\/li>\n<\/ul>\n","protected":false},"excerpt":{"rendered":"<p>&nbsp; La s\u00e9rie \ud835\udde0\ud835\uddd4\ud835\uddda\ud835\udde2 \ud835\uddd4\ud835\udfee\ud835\udfed\ud835\udff2\ud835\udfee\ud835\udddf est une gamme compacte de projecteurs LED 12W con\u00e7us pour les syst\u00e8mes de rail \u00e0 basse tension 48V LV26. Ces spots allient performance lumineuse, design minimaliste et flexibilit\u00e9 d&rsquo;installation pour l&rsquo;\u00e9clairage int\u00e9rieur exigeant. Caract\u00e9ristiques Principales &nbsp; Performance Lumineuse Puissance\u00a0: 12W Flux lumineux\u00a0: Versions \u00e0 temp\u00e9rature fixe : 1030-1200 lm Versions [&hellip;]<\/p>\n","protected":false},"featured_media":11419,"template":"","meta":[],"product_brand":[177],"product_cat":[178],"product_tag":[],"class_list":{"0":"post-11413","1":"product","2":"type-product","3":"status-publish","4":"has-post-thumbnail","6":"product_brand-maggmalight-brand","7":"product_cat-maggmalight","9":"first","10":"instock","11":"shipping-taxable","12":"product-type-simple"},"jetpack_sharing_enabled":true,"_links":{"self":[{"href":"https:\/\/maggmalight.com\/index.php\/wp-json\/wp\/v2\/product\/11413","targetHints":{"allow":["GET"]}}],"collection":[{"href":"https:\/\/maggmalight.com\/index.php\/wp-json\/wp\/v2\/product"}],"about":[{"href":"https:\/\/maggmalight.com\/index.php\/wp-json\/wp\/v2\/types\/product"}],"wp:featuredmedia":[{"embeddable":true,"href":"https:\/\/maggmalight.com\/index.php\/wp-json\/wp\/v2\/media\/11419"}],"wp:attachment":[{"href":"https:\/\/maggmalight.com\/index.php\/wp-json\/wp\/v2\/media?parent=11413"}],"wp:term":[{"taxonomy":"product_brand","embeddable":true,"href":"https:\/\/maggmalight.com\/index.php\/wp-json\/wp\/v2\/product_brand?post=11413"},{"taxonomy":"product_cat","embeddable":true,"href":"https:\/\/maggmalight.com\/index.php\/wp-json\/wp\/v2\/product_cat?post=11413"},{"taxonomy":"product_tag","embeddable":true,"href":"https:\/\/maggmalight.com\/index.php\/wp-json\/wp\/v2\/product_tag?post=11413"}],"curies":[{"name":"wp","href":"https:\/\/api.w.org\/{rel}","templated":true}]}}