{"id":11327,"date":"2025-10-02T22:30:35","date_gmt":"2025-10-02T20:30:35","guid":{"rendered":"https:\/\/maggmalight.com\/?post_type=product&#038;p=11327"},"modified":"2025-10-02T22:32:22","modified_gmt":"2025-10-02T20:32:22","slug":"accesoires-rail-48v","status":"publish","type":"product","link":"https:\/\/maggmalight.com\/index.php\/product\/accesoires-rail-48v\/","title":{"rendered":"Accesoires Rail 48V"},"content":{"rendered":"<p>&nbsp;<\/p>\n<h6>Raccord en aluminium<\/h6>\n<div id='gallery-1' class='gallery galleryid-11327 gallery-columns-3 gallery-size-medium'><figure class='gallery-item'>\n\t\t\t<div class='gallery-icon landscape'>\n\t\t\t\t<a href='https:\/\/maggmalight.com\/?attachment_id=11328'><img fetchpriority=\"high\" decoding=\"async\" width=\"300\" height=\"300\" src=\"https:\/\/maggmalight.com\/wp-content\/uploads\/2025\/10\/CT2-1-300x300.webp\" class=\"attachment-medium size-medium\" alt=\"\" srcset=\"https:\/\/maggmalight.com\/wp-content\/uploads\/2025\/10\/CT2-1-300x300.webp 300w, https:\/\/maggmalight.com\/wp-content\/uploads\/2025\/10\/CT2-1-1024x1024.webp 1024w, https:\/\/maggmalight.com\/wp-content\/uploads\/2025\/10\/CT2-1-150x150.webp 150w, https:\/\/maggmalight.com\/wp-content\/uploads\/2025\/10\/CT2-1-768x768.webp 768w, https:\/\/maggmalight.com\/wp-content\/uploads\/2025\/10\/CT2-1-1536x1536.webp 1536w, https:\/\/maggmalight.com\/wp-content\/uploads\/2025\/10\/CT2-1-1320x1320.webp 1320w, https:\/\/maggmalight.com\/wp-content\/uploads\/2025\/10\/CT2-1-600x600.webp 600w, https:\/\/maggmalight.com\/wp-content\/uploads\/2025\/10\/CT2-1-100x100.webp 100w, https:\/\/maggmalight.com\/wp-content\/uploads\/2025\/10\/CT2-1.webp 2000w\" sizes=\"(max-width: 300px) 100vw, 300px\" \/><\/a>\n\t\t\t<\/div><\/figure><figure class='gallery-item'>\n\t\t\t<div class='gallery-icon landscape'>\n\t\t\t\t<a href='https:\/\/maggmalight.com\/?attachment_id=11329'><img decoding=\"async\" width=\"300\" height=\"300\" src=\"https:\/\/maggmalight.com\/wp-content\/uploads\/2025\/10\/CT2-2-300x300.webp\" class=\"attachment-medium size-medium\" alt=\"\" srcset=\"https:\/\/maggmalight.com\/wp-content\/uploads\/2025\/10\/CT2-2-300x300.webp 300w, https:\/\/maggmalight.com\/wp-content\/uploads\/2025\/10\/CT2-2-1024x1024.webp 1024w, https:\/\/maggmalight.com\/wp-content\/uploads\/2025\/10\/CT2-2-150x150.webp 150w, https:\/\/maggmalight.com\/wp-content\/uploads\/2025\/10\/CT2-2-768x768.webp 768w, https:\/\/maggmalight.com\/wp-content\/uploads\/2025\/10\/CT2-2-1536x1536.webp 1536w, https:\/\/maggmalight.com\/wp-content\/uploads\/2025\/10\/CT2-2-1320x1320.webp 1320w, https:\/\/maggmalight.com\/wp-content\/uploads\/2025\/10\/CT2-2-600x600.webp 600w, https:\/\/maggmalight.com\/wp-content\/uploads\/2025\/10\/CT2-2-100x100.webp 100w, https:\/\/maggmalight.com\/wp-content\/uploads\/2025\/10\/CT2-2.webp 2000w\" sizes=\"(max-width: 300px) 100vw, 300px\" \/><\/a>\n\t\t\t<\/div><\/figure><figure class='gallery-item'>\n\t\t\t<div class='gallery-icon landscape'>\n\t\t\t\t<a href='https:\/\/maggmalight.com\/?attachment_id=11342'><img decoding=\"async\" width=\"300\" height=\"300\" src=\"https:\/\/maggmalight.com\/wp-content\/uploads\/2025\/10\/connecteurs-physique-2-rails-CT2-300x300.webp\" class=\"attachment-medium size-medium\" alt=\"\" srcset=\"https:\/\/maggmalight.com\/wp-content\/uploads\/2025\/10\/connecteurs-physique-2-rails-CT2-300x300.webp 300w, https:\/\/maggmalight.com\/wp-content\/uploads\/2025\/10\/connecteurs-physique-2-rails-CT2-1024x1024.webp 1024w, https:\/\/maggmalight.com\/wp-content\/uploads\/2025\/10\/connecteurs-physique-2-rails-CT2-150x150.webp 150w, https:\/\/maggmalight.com\/wp-content\/uploads\/2025\/10\/connecteurs-physique-2-rails-CT2-768x768.webp 768w, https:\/\/maggmalight.com\/wp-content\/uploads\/2025\/10\/connecteurs-physique-2-rails-CT2-1536x1536.webp 1536w, https:\/\/maggmalight.com\/wp-content\/uploads\/2025\/10\/connecteurs-physique-2-rails-CT2-1320x1320.webp 1320w, https:\/\/maggmalight.com\/wp-content\/uploads\/2025\/10\/connecteurs-physique-2-rails-CT2-600x600.webp 600w, https:\/\/maggmalight.com\/wp-content\/uploads\/2025\/10\/connecteurs-physique-2-rails-CT2-100x100.webp 100w, https:\/\/maggmalight.com\/wp-content\/uploads\/2025\/10\/connecteurs-physique-2-rails-CT2.webp 2000w\" sizes=\"(max-width: 300px) 100vw, 300px\" \/><\/a>\n\t\t\t<\/div><\/figure>\n\t\t<\/div>\n\n<p>&nbsp;<\/p>\n<p>&nbsp;<\/p>\n<h6><strong>Embout de fin <\/strong><\/h6>\n<div id='gallery-2' class='gallery galleryid-11327 gallery-columns-4 gallery-size-medium'><figure class='gallery-item'>\n\t\t\t<div class='gallery-icon landscape'>\n\t\t\t\t<a href='https:\/\/maggmalight.com\/?attachment_id=11339'><img loading=\"lazy\" decoding=\"async\" width=\"300\" height=\"300\" src=\"https:\/\/maggmalight.com\/wp-content\/uploads\/2025\/10\/ET5-2-300x300.webp\" class=\"attachment-medium size-medium\" alt=\"\" srcset=\"https:\/\/maggmalight.com\/wp-content\/uploads\/2025\/10\/ET5-2-300x300.webp 300w, https:\/\/maggmalight.com\/wp-content\/uploads\/2025\/10\/ET5-2-1024x1024.webp 1024w, https:\/\/maggmalight.com\/wp-content\/uploads\/2025\/10\/ET5-2-150x150.webp 150w, https:\/\/maggmalight.com\/wp-content\/uploads\/2025\/10\/ET5-2-768x768.webp 768w, https:\/\/maggmalight.com\/wp-content\/uploads\/2025\/10\/ET5-2-1536x1536.webp 1536w, https:\/\/maggmalight.com\/wp-content\/uploads\/2025\/10\/ET5-2-1320x1320.webp 1320w, https:\/\/maggmalight.com\/wp-content\/uploads\/2025\/10\/ET5-2-600x600.webp 600w, https:\/\/maggmalight.com\/wp-content\/uploads\/2025\/10\/ET5-2-100x100.webp 100w, https:\/\/maggmalight.com\/wp-content\/uploads\/2025\/10\/ET5-2.webp 2000w\" sizes=\"(max-width: 300px) 100vw, 300px\" \/><\/a>\n\t\t\t<\/div><\/figure><figure class='gallery-item'>\n\t\t\t<div class='gallery-icon landscape'>\n\t\t\t\t<a href='https:\/\/maggmalight.com\/?attachment_id=11338'><img loading=\"lazy\" decoding=\"async\" width=\"300\" height=\"300\" src=\"https:\/\/maggmalight.com\/wp-content\/uploads\/2025\/10\/ET5-1-300x300.webp\" class=\"attachment-medium size-medium\" alt=\"\" srcset=\"https:\/\/maggmalight.com\/wp-content\/uploads\/2025\/10\/ET5-1-300x300.webp 300w, https:\/\/maggmalight.com\/wp-content\/uploads\/2025\/10\/ET5-1-1024x1024.webp 1024w, https:\/\/maggmalight.com\/wp-content\/uploads\/2025\/10\/ET5-1-150x150.webp 150w, https:\/\/maggmalight.com\/wp-content\/uploads\/2025\/10\/ET5-1-768x768.webp 768w, https:\/\/maggmalight.com\/wp-content\/uploads\/2025\/10\/ET5-1-1536x1536.webp 1536w, https:\/\/maggmalight.com\/wp-content\/uploads\/2025\/10\/ET5-1-1320x1320.webp 1320w, https:\/\/maggmalight.com\/wp-content\/uploads\/2025\/10\/ET5-1-600x600.webp 600w, https:\/\/maggmalight.com\/wp-content\/uploads\/2025\/10\/ET5-1-100x100.webp 100w, https:\/\/maggmalight.com\/wp-content\/uploads\/2025\/10\/ET5-1.webp 2000w\" sizes=\"(max-width: 300px) 100vw, 300px\" \/><\/a>\n\t\t\t<\/div><\/figure><figure class='gallery-item'>\n\t\t\t<div class='gallery-icon landscape'>\n\t\t\t\t<a href='https:\/\/maggmalight.com\/?attachment_id=11337'><img loading=\"lazy\" decoding=\"async\" width=\"300\" height=\"300\" src=\"https:\/\/maggmalight.com\/wp-content\/uploads\/2025\/10\/ET4-2-300x300.webp\" class=\"attachment-medium size-medium\" alt=\"\" srcset=\"https:\/\/maggmalight.com\/wp-content\/uploads\/2025\/10\/ET4-2-300x300.webp 300w, https:\/\/maggmalight.com\/wp-content\/uploads\/2025\/10\/ET4-2-1024x1024.webp 1024w, https:\/\/maggmalight.com\/wp-content\/uploads\/2025\/10\/ET4-2-150x150.webp 150w, https:\/\/maggmalight.com\/wp-content\/uploads\/2025\/10\/ET4-2-768x768.webp 768w, https:\/\/maggmalight.com\/wp-content\/uploads\/2025\/10\/ET4-2-1536x1536.webp 1536w, https:\/\/maggmalight.com\/wp-content\/uploads\/2025\/10\/ET4-2-1320x1320.webp 1320w, https:\/\/maggmalight.com\/wp-content\/uploads\/2025\/10\/ET4-2-600x600.webp 600w, https:\/\/maggmalight.com\/wp-content\/uploads\/2025\/10\/ET4-2-100x100.webp 100w, https:\/\/maggmalight.com\/wp-content\/uploads\/2025\/10\/ET4-2.webp 2000w\" sizes=\"(max-width: 300px) 100vw, 300px\" \/><\/a>\n\t\t\t<\/div><\/figure><figure class='gallery-item'>\n\t\t\t<div class='gallery-icon landscape'>\n\t\t\t\t<a href='https:\/\/maggmalight.com\/?attachment_id=11336'><img loading=\"lazy\" decoding=\"async\" width=\"300\" height=\"300\" src=\"https:\/\/maggmalight.com\/wp-content\/uploads\/2025\/10\/ET4-1-300x300.webp\" class=\"attachment-medium size-medium\" alt=\"\" srcset=\"https:\/\/maggmalight.com\/wp-content\/uploads\/2025\/10\/ET4-1-300x300.webp 300w, https:\/\/maggmalight.com\/wp-content\/uploads\/2025\/10\/ET4-1-1024x1024.webp 1024w, https:\/\/maggmalight.com\/wp-content\/uploads\/2025\/10\/ET4-1-150x150.webp 150w, https:\/\/maggmalight.com\/wp-content\/uploads\/2025\/10\/ET4-1-768x768.webp 768w, https:\/\/maggmalight.com\/wp-content\/uploads\/2025\/10\/ET4-1-1536x1536.webp 1536w, https:\/\/maggmalight.com\/wp-content\/uploads\/2025\/10\/ET4-1-1320x1320.webp 1320w, https:\/\/maggmalight.com\/wp-content\/uploads\/2025\/10\/ET4-1-600x600.webp 600w, https:\/\/maggmalight.com\/wp-content\/uploads\/2025\/10\/ET4-1-100x100.webp 100w, https:\/\/maggmalight.com\/wp-content\/uploads\/2025\/10\/ET4-1.webp 2000w\" sizes=\"(max-width: 300px) 100vw, 300px\" \/><\/a>\n\t\t\t<\/div><\/figure><figure class='gallery-item'>\n\t\t\t<div class='gallery-icon landscape'>\n\t\t\t\t<a href='https:\/\/maggmalight.com\/?attachment_id=11335'><img loading=\"lazy\" decoding=\"async\" width=\"300\" height=\"300\" src=\"https:\/\/maggmalight.com\/wp-content\/uploads\/2025\/10\/ET2-ET3-2-300x300.webp\" class=\"attachment-medium size-medium\" alt=\"\" srcset=\"https:\/\/maggmalight.com\/wp-content\/uploads\/2025\/10\/ET2-ET3-2-300x300.webp 300w, https:\/\/maggmalight.com\/wp-content\/uploads\/2025\/10\/ET2-ET3-2-1024x1024.webp 1024w, https:\/\/maggmalight.com\/wp-content\/uploads\/2025\/10\/ET2-ET3-2-150x150.webp 150w, https:\/\/maggmalight.com\/wp-content\/uploads\/2025\/10\/ET2-ET3-2-768x768.webp 768w, https:\/\/maggmalight.com\/wp-content\/uploads\/2025\/10\/ET2-ET3-2-1536x1536.webp 1536w, https:\/\/maggmalight.com\/wp-content\/uploads\/2025\/10\/ET2-ET3-2-1320x1320.webp 1320w, https:\/\/maggmalight.com\/wp-content\/uploads\/2025\/10\/ET2-ET3-2-600x600.webp 600w, https:\/\/maggmalight.com\/wp-content\/uploads\/2025\/10\/ET2-ET3-2-100x100.webp 100w, https:\/\/maggmalight.com\/wp-content\/uploads\/2025\/10\/ET2-ET3-2.webp 2000w\" sizes=\"(max-width: 300px) 100vw, 300px\" \/><\/a>\n\t\t\t<\/div><\/figure><figure class='gallery-item'>\n\t\t\t<div class='gallery-icon landscape'>\n\t\t\t\t<a href='https:\/\/maggmalight.com\/?attachment_id=11334'><img loading=\"lazy\" decoding=\"async\" width=\"300\" height=\"300\" src=\"https:\/\/maggmalight.com\/wp-content\/uploads\/2025\/10\/ET2-ET3-1-300x300.webp\" class=\"attachment-medium size-medium\" alt=\"\" srcset=\"https:\/\/maggmalight.com\/wp-content\/uploads\/2025\/10\/ET2-ET3-1-300x300.webp 300w, https:\/\/maggmalight.com\/wp-content\/uploads\/2025\/10\/ET2-ET3-1-1024x1024.webp 1024w, https:\/\/maggmalight.com\/wp-content\/uploads\/2025\/10\/ET2-ET3-1-150x150.webp 150w, https:\/\/maggmalight.com\/wp-content\/uploads\/2025\/10\/ET2-ET3-1-768x768.webp 768w, https:\/\/maggmalight.com\/wp-content\/uploads\/2025\/10\/ET2-ET3-1-1536x1536.webp 1536w, https:\/\/maggmalight.com\/wp-content\/uploads\/2025\/10\/ET2-ET3-1-1320x1320.webp 1320w, https:\/\/maggmalight.com\/wp-content\/uploads\/2025\/10\/ET2-ET3-1-600x600.webp 600w, https:\/\/maggmalight.com\/wp-content\/uploads\/2025\/10\/ET2-ET3-1-100x100.webp 100w, https:\/\/maggmalight.com\/wp-content\/uploads\/2025\/10\/ET2-ET3-1.webp 2000w\" sizes=\"(max-width: 300px) 100vw, 300px\" \/><\/a>\n\t\t\t<\/div><\/figure><figure class='gallery-item'>\n\t\t\t<div class='gallery-icon landscape'>\n\t\t\t\t<a href='https:\/\/maggmalight.com\/?attachment_id=11333'><img loading=\"lazy\" decoding=\"async\" width=\"300\" height=\"300\" src=\"https:\/\/maggmalight.com\/wp-content\/uploads\/2025\/10\/ET1-ET4-2-300x300.webp\" class=\"attachment-medium size-medium\" alt=\"\" srcset=\"https:\/\/maggmalight.com\/wp-content\/uploads\/2025\/10\/ET1-ET4-2-300x300.webp 300w, https:\/\/maggmalight.com\/wp-content\/uploads\/2025\/10\/ET1-ET4-2-1024x1024.webp 1024w, https:\/\/maggmalight.com\/wp-content\/uploads\/2025\/10\/ET1-ET4-2-150x150.webp 150w, https:\/\/maggmalight.com\/wp-content\/uploads\/2025\/10\/ET1-ET4-2-768x768.webp 768w, https:\/\/maggmalight.com\/wp-content\/uploads\/2025\/10\/ET1-ET4-2-1536x1536.webp 1536w, https:\/\/maggmalight.com\/wp-content\/uploads\/2025\/10\/ET1-ET4-2-1320x1320.webp 1320w, https:\/\/maggmalight.com\/wp-content\/uploads\/2025\/10\/ET1-ET4-2-600x600.webp 600w, https:\/\/maggmalight.com\/wp-content\/uploads\/2025\/10\/ET1-ET4-2-100x100.webp 100w, https:\/\/maggmalight.com\/wp-content\/uploads\/2025\/10\/ET1-ET4-2.webp 2000w\" sizes=\"(max-width: 300px) 100vw, 300px\" \/><\/a>\n\t\t\t<\/div><\/figure><figure class='gallery-item'>\n\t\t\t<div class='gallery-icon landscape'>\n\t\t\t\t<a href='https:\/\/maggmalight.com\/?attachment_id=11332'><img loading=\"lazy\" decoding=\"async\" width=\"300\" height=\"300\" src=\"https:\/\/maggmalight.com\/wp-content\/uploads\/2025\/10\/ET1-ET4-1-300x300.webp\" class=\"attachment-medium size-medium\" alt=\"\" srcset=\"https:\/\/maggmalight.com\/wp-content\/uploads\/2025\/10\/ET1-ET4-1-300x300.webp 300w, https:\/\/maggmalight.com\/wp-content\/uploads\/2025\/10\/ET1-ET4-1-1024x1024.webp 1024w, https:\/\/maggmalight.com\/wp-content\/uploads\/2025\/10\/ET1-ET4-1-150x150.webp 150w, https:\/\/maggmalight.com\/wp-content\/uploads\/2025\/10\/ET1-ET4-1-768x768.webp 768w, https:\/\/maggmalight.com\/wp-content\/uploads\/2025\/10\/ET1-ET4-1-1536x1536.webp 1536w, https:\/\/maggmalight.com\/wp-content\/uploads\/2025\/10\/ET1-ET4-1-1320x1320.webp 1320w, https:\/\/maggmalight.com\/wp-content\/uploads\/2025\/10\/ET1-ET4-1-600x600.webp 600w, https:\/\/maggmalight.com\/wp-content\/uploads\/2025\/10\/ET1-ET4-1-100x100.webp 100w, https:\/\/maggmalight.com\/wp-content\/uploads\/2025\/10\/ET1-ET4-1.webp 2000w\" sizes=\"(max-width: 300px) 100vw, 300px\" \/><\/a>\n\t\t\t<\/div><\/figure>\n\t\t<\/div>\n\n<p>&nbsp;<\/p>\n<h6>Cache-poussi\u00e8re<\/h6>\n<div id='gallery-3' class='gallery galleryid-11327 gallery-columns-3 gallery-size-medium'><figure class='gallery-item'>\n\t\t\t<div class='gallery-icon landscape'>\n\t\t\t\t<a href='https:\/\/maggmalight.com\/?attachment_id=11330'><img loading=\"lazy\" decoding=\"async\" width=\"300\" height=\"300\" src=\"https:\/\/maggmalight.com\/wp-content\/uploads\/2025\/10\/DS1000-1-300x300.webp\" class=\"attachment-medium size-medium\" alt=\"\" srcset=\"https:\/\/maggmalight.com\/wp-content\/uploads\/2025\/10\/DS1000-1-300x300.webp 300w, https:\/\/maggmalight.com\/wp-content\/uploads\/2025\/10\/DS1000-1-1024x1024.webp 1024w, https:\/\/maggmalight.com\/wp-content\/uploads\/2025\/10\/DS1000-1-150x150.webp 150w, https:\/\/maggmalight.com\/wp-content\/uploads\/2025\/10\/DS1000-1-768x768.webp 768w, https:\/\/maggmalight.com\/wp-content\/uploads\/2025\/10\/DS1000-1-1536x1536.webp 1536w, https:\/\/maggmalight.com\/wp-content\/uploads\/2025\/10\/DS1000-1-1320x1320.webp 1320w, https:\/\/maggmalight.com\/wp-content\/uploads\/2025\/10\/DS1000-1-600x600.webp 600w, https:\/\/maggmalight.com\/wp-content\/uploads\/2025\/10\/DS1000-1-100x100.webp 100w, https:\/\/maggmalight.com\/wp-content\/uploads\/2025\/10\/DS1000-1.webp 2000w\" sizes=\"(max-width: 300px) 100vw, 300px\" \/><\/a>\n\t\t\t<\/div><\/figure><figure class='gallery-item'>\n\t\t\t<div class='gallery-icon landscape'>\n\t\t\t\t<a href='https:\/\/maggmalight.com\/?attachment_id=11331'><img loading=\"lazy\" decoding=\"async\" width=\"300\" height=\"300\" src=\"https:\/\/maggmalight.com\/wp-content\/uploads\/2025\/10\/DS1000-2-300x300.webp\" class=\"attachment-medium size-medium\" alt=\"\" srcset=\"https:\/\/maggmalight.com\/wp-content\/uploads\/2025\/10\/DS1000-2-300x300.webp 300w, https:\/\/maggmalight.com\/wp-content\/uploads\/2025\/10\/DS1000-2-1024x1024.webp 1024w, https:\/\/maggmalight.com\/wp-content\/uploads\/2025\/10\/DS1000-2-150x150.webp 150w, https:\/\/maggmalight.com\/wp-content\/uploads\/2025\/10\/DS1000-2-768x768.webp 768w, https:\/\/maggmalight.com\/wp-content\/uploads\/2025\/10\/DS1000-2-1536x1536.webp 1536w, https:\/\/maggmalight.com\/wp-content\/uploads\/2025\/10\/DS1000-2-1320x1320.webp 1320w, https:\/\/maggmalight.com\/wp-content\/uploads\/2025\/10\/DS1000-2-600x600.webp 600w, https:\/\/maggmalight.com\/wp-content\/uploads\/2025\/10\/DS1000-2-100x100.webp 100w, https:\/\/maggmalight.com\/wp-content\/uploads\/2025\/10\/DS1000-2.webp 2000w\" sizes=\"(max-width: 300px) 100vw, 300px\" \/><\/a>\n\t\t\t<\/div><\/figure>\n\t\t<\/div>\n\n<h6>Kit de suspension avec c\u00e2ble en acier 1,5 M\u00e8tre<\/h6>\n<div id='gallery-4' class='gallery galleryid-11327 gallery-columns-3 gallery-size-medium'><figure class='gallery-item'>\n\t\t\t<div class='gallery-icon landscape'>\n\t\t\t\t<a href='https:\/\/maggmalight.com\/?attachment_id=11340'><img loading=\"lazy\" decoding=\"async\" width=\"300\" height=\"300\" src=\"https:\/\/maggmalight.com\/wp-content\/uploads\/2025\/10\/PT2-1-300x300.webp\" class=\"attachment-medium size-medium\" alt=\"\" srcset=\"https:\/\/maggmalight.com\/wp-content\/uploads\/2025\/10\/PT2-1-300x300.webp 300w, https:\/\/maggmalight.com\/wp-content\/uploads\/2025\/10\/PT2-1-1024x1024.webp 1024w, https:\/\/maggmalight.com\/wp-content\/uploads\/2025\/10\/PT2-1-150x150.webp 150w, https:\/\/maggmalight.com\/wp-content\/uploads\/2025\/10\/PT2-1-768x768.webp 768w, https:\/\/maggmalight.com\/wp-content\/uploads\/2025\/10\/PT2-1-1536x1536.webp 1536w, https:\/\/maggmalight.com\/wp-content\/uploads\/2025\/10\/PT2-1-1320x1320.webp 1320w, https:\/\/maggmalight.com\/wp-content\/uploads\/2025\/10\/PT2-1-600x600.webp 600w, https:\/\/maggmalight.com\/wp-content\/uploads\/2025\/10\/PT2-1-100x100.webp 100w, https:\/\/maggmalight.com\/wp-content\/uploads\/2025\/10\/PT2-1.webp 2000w\" sizes=\"(max-width: 300px) 100vw, 300px\" \/><\/a>\n\t\t\t<\/div><\/figure><figure class='gallery-item'>\n\t\t\t<div class='gallery-icon landscape'>\n\t\t\t\t<a href='https:\/\/maggmalight.com\/?attachment_id=11341'><img loading=\"lazy\" decoding=\"async\" width=\"300\" height=\"300\" src=\"https:\/\/maggmalight.com\/wp-content\/uploads\/2025\/10\/PT2-2-300x300.webp\" class=\"attachment-medium size-medium\" alt=\"\" srcset=\"https:\/\/maggmalight.com\/wp-content\/uploads\/2025\/10\/PT2-2-300x300.webp 300w, https:\/\/maggmalight.com\/wp-content\/uploads\/2025\/10\/PT2-2-1024x1024.webp 1024w, https:\/\/maggmalight.com\/wp-content\/uploads\/2025\/10\/PT2-2-150x150.webp 150w, https:\/\/maggmalight.com\/wp-content\/uploads\/2025\/10\/PT2-2-768x768.webp 768w, https:\/\/maggmalight.com\/wp-content\/uploads\/2025\/10\/PT2-2-1536x1536.webp 1536w, https:\/\/maggmalight.com\/wp-content\/uploads\/2025\/10\/PT2-2-1320x1320.webp 1320w, https:\/\/maggmalight.com\/wp-content\/uploads\/2025\/10\/PT2-2-600x600.webp 600w, https:\/\/maggmalight.com\/wp-content\/uploads\/2025\/10\/PT2-2-100x100.webp 100w, https:\/\/maggmalight.com\/wp-content\/uploads\/2025\/10\/PT2-2.webp 2000w\" sizes=\"(max-width: 300px) 100vw, 300px\" \/><\/a>\n\t\t\t<\/div><\/figure><figure class='gallery-item'>\n\t\t\t<div class='gallery-icon landscape'>\n\t\t\t\t<a href='https:\/\/maggmalight.com\/?attachment_id=11343'><img loading=\"lazy\" decoding=\"async\" width=\"300\" height=\"300\" src=\"https:\/\/maggmalight.com\/wp-content\/uploads\/2025\/10\/connecteur-elec-ITX-et-mec-CT2-suspension-mounted-300x300.webp\" class=\"attachment-medium size-medium\" alt=\"\" srcset=\"https:\/\/maggmalight.com\/wp-content\/uploads\/2025\/10\/connecteur-elec-ITX-et-mec-CT2-suspension-mounted-300x300.webp 300w, https:\/\/maggmalight.com\/wp-content\/uploads\/2025\/10\/connecteur-elec-ITX-et-mec-CT2-suspension-mounted-1024x1024.webp 1024w, https:\/\/maggmalight.com\/wp-content\/uploads\/2025\/10\/connecteur-elec-ITX-et-mec-CT2-suspension-mounted-150x150.webp 150w, https:\/\/maggmalight.com\/wp-content\/uploads\/2025\/10\/connecteur-elec-ITX-et-mec-CT2-suspension-mounted-768x768.webp 768w, https:\/\/maggmalight.com\/wp-content\/uploads\/2025\/10\/connecteur-elec-ITX-et-mec-CT2-suspension-mounted-1536x1536.webp 1536w, https:\/\/maggmalight.com\/wp-content\/uploads\/2025\/10\/connecteur-elec-ITX-et-mec-CT2-suspension-mounted-1320x1320.webp 1320w, https:\/\/maggmalight.com\/wp-content\/uploads\/2025\/10\/connecteur-elec-ITX-et-mec-CT2-suspension-mounted-600x600.webp 600w, https:\/\/maggmalight.com\/wp-content\/uploads\/2025\/10\/connecteur-elec-ITX-et-mec-CT2-suspension-mounted-100x100.webp 100w, https:\/\/maggmalight.com\/wp-content\/uploads\/2025\/10\/connecteur-elec-ITX-et-mec-CT2-suspension-mounted.webp 2000w\" sizes=\"(max-width: 300px) 100vw, 300px\" \/><\/a>\n\t\t\t<\/div><\/figure>\n\t\t<\/div>\n\n","protected":false},"excerpt":{"rendered":"<p>&nbsp; Raccord en aluminium &nbsp; &nbsp; Embout de fin &nbsp; Cache-poussi\u00e8re Kit de suspension avec c\u00e2ble en acier 1,5 M\u00e8tre<\/p>\n","protected":false},"featured_media":11328,"template":"","meta":[],"product_brand":[177],"product_cat":[178],"product_tag":[],"class_list":{"0":"post-11327","1":"product","2":"type-product","3":"status-publish","4":"has-post-thumbnail","6":"product_brand-maggmalight-brand","7":"product_cat-maggmalight","9":"first","10":"instock","11":"shipping-taxable","12":"product-type-simple"},"jetpack_sharing_enabled":true,"_links":{"self":[{"href":"https:\/\/maggmalight.com\/index.php\/wp-json\/wp\/v2\/product\/11327","targetHints":{"allow":["GET"]}}],"collection":[{"href":"https:\/\/maggmalight.com\/index.php\/wp-json\/wp\/v2\/product"}],"about":[{"href":"https:\/\/maggmalight.com\/index.php\/wp-json\/wp\/v2\/types\/product"}],"wp:featuredmedia":[{"embeddable":true,"href":"https:\/\/maggmalight.com\/index.php\/wp-json\/wp\/v2\/media\/11328"}],"wp:attachment":[{"href":"https:\/\/maggmalight.com\/index.php\/wp-json\/wp\/v2\/media?parent=11327"}],"wp:term":[{"taxonomy":"product_brand","embeddable":true,"href":"https:\/\/maggmalight.com\/index.php\/wp-json\/wp\/v2\/product_brand?post=11327"},{"taxonomy":"product_cat","embeddable":true,"href":"https:\/\/maggmalight.com\/index.php\/wp-json\/wp\/v2\/product_cat?post=11327"},{"taxonomy":"product_tag","embeddable":true,"href":"https:\/\/maggmalight.com\/index.php\/wp-json\/wp\/v2\/product_tag?post=11327"}],"curies":[{"name":"wp","href":"https:\/\/api.w.org\/{rel}","templated":true}]}}