{"id":11316,"date":"2025-09-29T19:48:34","date_gmt":"2025-09-29T17:48:34","guid":{"rendered":"https:\/\/maggmalight.com\/?post_type=product&#038;p=11316"},"modified":"2025-09-30T00:12:39","modified_gmt":"2025-09-29T22:12:39","slug":"suspension-d40c","status":"publish","type":"product","link":"https:\/\/maggmalight.com\/index.php\/product\/suspension-d40c\/","title":{"rendered":"Suspension D40C"},"content":{"rendered":"<p>&nbsp;<\/p>\n<h4 style=\"text-align: center;\">\u00a0Suspension DC40 sur rail 48V<\/h4>\n<p>&nbsp;<\/p>\n<p>La suspension DC40 est un luminaire sur rail magn\u00e9tique basse tension 48V qui apporte une note de modernit\u00e9 et d\u2019\u00e9l\u00e9gance \u00e0 tous vos espaces int\u00e9rieurs. Parfaitement adapt\u00e9e aux boutiques, galeries, bureaux et habitats, elle garantit un \u00e9clairage performant et enti\u00e8rement personnalisable selon vos besoins.<\/p>\n<p><img fetchpriority=\"high\" decoding=\"async\" class=\"wp-image-11317 aligncenter\" src=\"https:\/\/maggmalight.com\/wp-content\/uploads\/2025\/09\/15-1.webp\" alt=\"\" width=\"594\" height=\"594\" srcset=\"https:\/\/maggmalight.com\/wp-content\/uploads\/2025\/09\/15-1.webp 2000w, https:\/\/maggmalight.com\/wp-content\/uploads\/2025\/09\/15-1-300x300.webp 300w, https:\/\/maggmalight.com\/wp-content\/uploads\/2025\/09\/15-1-1024x1024.webp 1024w, https:\/\/maggmalight.com\/wp-content\/uploads\/2025\/09\/15-1-150x150.webp 150w, https:\/\/maggmalight.com\/wp-content\/uploads\/2025\/09\/15-1-768x768.webp 768w, https:\/\/maggmalight.com\/wp-content\/uploads\/2025\/09\/15-1-1536x1536.webp 1536w, https:\/\/maggmalight.com\/wp-content\/uploads\/2025\/09\/15-1-1320x1320.webp 1320w, https:\/\/maggmalight.com\/wp-content\/uploads\/2025\/09\/15-1-600x600.webp 600w, https:\/\/maggmalight.com\/wp-content\/uploads\/2025\/09\/15-1-100x100.webp 100w\" sizes=\"(max-width: 594px) 100vw, 594px\" \/><\/p>\n<p>&nbsp;<\/p>\n<p>&nbsp;<\/p>\n<p class=\"!text-neutral-a12\"><strong class=\"!text-neutral-a12\">Caract\u00e9ristiques principales :<\/strong><\/p>\n<ul class=\"!text-neutral-a12\">\n<li class=\"!text-neutral-a12\"><strong class=\"!text-neutral-a12\">Puissance de 10W<\/strong>\u00a0pour une luminosit\u00e9 optimale.<\/li>\n<li class=\"!text-neutral-a12\"><strong class=\"!text-neutral-a12\">IRC \u00e9lev\u00e9 (\u2265 Ra90)<\/strong>\u00a0: couleurs fid\u00e8les et naturelles.<\/li>\n<li class=\"!text-neutral-a12\"><strong class=\"!text-neutral-a12\">Temp\u00e9ratures de couleur fixes<\/strong>\u00a0(2700K, 3000K, 3500K, 4000K) ou\u00a0<strong class=\"!text-neutral-a12\">Tunable White 2700~6500K<\/strong>\u00a0pour une lumi\u00e8re parfaitement adapt\u00e9e \u00e0 chaque ambiance.<\/li>\n<li class=\"!text-neutral-a12\"><strong class=\"!text-neutral-a12\">Angles de faisceau au choix<\/strong>\u00a0: 15\u00b0, 24\u00b0, 36\u00b0 ou 50\u00b0 pour un \u00e9clairage directionnel ou global.<\/li>\n<li class=\"!text-neutral-a12\"><strong class=\"!text-neutral-a12\">Contr\u00f4le avanc\u00e9 de la lumi\u00e8re<\/strong>\u00a0: compatible DALI, t\u00e9l\u00e9commande RF et Casambi (gestion connect\u00e9e depuis smartphone\/tablette).<\/li>\n<li class=\"!text-neutral-a12\"><strong class=\"!text-neutral-a12\">Construction robuste<\/strong>\u00a0: corps en aluminium thermolaqu\u00e9, diam\u00e8tre 40mm, hauteur 300mm, rotation 355\u00b0.<\/li>\n<li class=\"!text-neutral-a12\"><strong class=\"!text-neutral-a12\">Installation<\/strong>\u00a0sur rail magn\u00e9tique basse tension 48V (LV26).<\/li>\n<\/ul>\n<p class=\"!text-neutral-a12\"><strong class=\"!text-neutral-a12\">Applications<\/strong><br \/>\nId\u00e9ale pour salon, boutique, showroom, galerie, bureau\u2026 La D40C valorise chaque espace par son style et sa lumi\u00e8re de qualit\u00e9 professionnelle.<\/p>\n<p>&nbsp;<\/p>\n<p><img decoding=\"async\" class=\"wp-image-11323 aligncenter\" src=\"https:\/\/maggmalight.com\/wp-content\/uploads\/2025\/09\/20-1.webp\" alt=\"\" width=\"587\" height=\"587\" srcset=\"https:\/\/maggmalight.com\/wp-content\/uploads\/2025\/09\/20-1.webp 2000w, https:\/\/maggmalight.com\/wp-content\/uploads\/2025\/09\/20-1-300x300.webp 300w, https:\/\/maggmalight.com\/wp-content\/uploads\/2025\/09\/20-1-1024x1024.webp 1024w, https:\/\/maggmalight.com\/wp-content\/uploads\/2025\/09\/20-1-150x150.webp 150w, https:\/\/maggmalight.com\/wp-content\/uploads\/2025\/09\/20-1-768x768.webp 768w, https:\/\/maggmalight.com\/wp-content\/uploads\/2025\/09\/20-1-1536x1536.webp 1536w, https:\/\/maggmalight.com\/wp-content\/uploads\/2025\/09\/20-1-1320x1320.webp 1320w, https:\/\/maggmalight.com\/wp-content\/uploads\/2025\/09\/20-1-600x600.webp 600w, https:\/\/maggmalight.com\/wp-content\/uploads\/2025\/09\/20-1-100x100.webp 100w\" sizes=\"(max-width: 587px) 100vw, 587px\" \/><\/p>\n<p><img decoding=\"async\" class=\"wp-image-11326 aligncenter\" src=\"https:\/\/maggmalight.com\/wp-content\/uploads\/2025\/09\/TL01-D40C-48V-LV26-TX.webp\" alt=\"\" width=\"588\" height=\"588\" srcset=\"https:\/\/maggmalight.com\/wp-content\/uploads\/2025\/09\/TL01-D40C-48V-LV26-TX.webp 2000w, https:\/\/maggmalight.com\/wp-content\/uploads\/2025\/09\/TL01-D40C-48V-LV26-TX-300x300.webp 300w, https:\/\/maggmalight.com\/wp-content\/uploads\/2025\/09\/TL01-D40C-48V-LV26-TX-1024x1024.webp 1024w, https:\/\/maggmalight.com\/wp-content\/uploads\/2025\/09\/TL01-D40C-48V-LV26-TX-150x150.webp 150w, https:\/\/maggmalight.com\/wp-content\/uploads\/2025\/09\/TL01-D40C-48V-LV26-TX-768x768.webp 768w, https:\/\/maggmalight.com\/wp-content\/uploads\/2025\/09\/TL01-D40C-48V-LV26-TX-1536x1536.webp 1536w, https:\/\/maggmalight.com\/wp-content\/uploads\/2025\/09\/TL01-D40C-48V-LV26-TX-1320x1320.webp 1320w, https:\/\/maggmalight.com\/wp-content\/uploads\/2025\/09\/TL01-D40C-48V-LV26-TX-600x600.webp 600w, https:\/\/maggmalight.com\/wp-content\/uploads\/2025\/09\/TL01-D40C-48V-LV26-TX-100x100.webp 100w\" sizes=\"(max-width: 588px) 100vw, 588px\" \/><\/p>\n<p>&nbsp;<\/p>\n<p>&nbsp;<\/p>\n<p>&nbsp;<\/p>\n<p><strong data-start=\"1661\" data-end=\"1674\">Remarques :<\/strong><\/p>\n<ul data-start=\"1677\" data-end=\"1876\">\n<li data-start=\"1677\" data-end=\"1787\">\n<p data-start=\"1679\" data-end=\"1787\">Pour d\u2019autres options ou obtenir le rapport de test original, merci de contacter notre \u00e9quipe commerciale.<\/p>\n<\/li>\n<li data-start=\"1788\" data-end=\"1876\">\n<p data-start=\"1790\" data-end=\"1876\">Toutes les donn\u00e9es techniques sont sujettes aux tol\u00e9rances standards de l\u2019industrie.<\/p>\n<\/li>\n<\/ul>\n<p>&nbsp;<\/p>\n<p>&nbsp;<\/p>\n","protected":false},"excerpt":{"rendered":"<p>La suspension DC40 est un luminaire sur rail magn\u00e9tique basse tension 48V qui apporte une note de modernit\u00e9 et d\u2019\u00e9l\u00e9gance \u00e0 tous vos espaces int\u00e9rieurs. Parfaitement adapt\u00e9e aux boutiques, galeries, bureaux et habitats, elle garantit un \u00e9clairage performant et enti\u00e8rement personnalisable selon vos besoins.<\/p>\n","protected":false},"featured_media":11317,"template":"","meta":[],"product_brand":[177],"product_cat":[178],"product_tag":[],"class_list":{"0":"post-11316","1":"product","2":"type-product","3":"status-publish","4":"has-post-thumbnail","6":"product_brand-maggmalight-brand","7":"product_cat-maggmalight","9":"first","10":"instock","11":"shipping-taxable","12":"product-type-simple"},"jetpack_sharing_enabled":true,"_links":{"self":[{"href":"https:\/\/maggmalight.com\/index.php\/wp-json\/wp\/v2\/product\/11316","targetHints":{"allow":["GET"]}}],"collection":[{"href":"https:\/\/maggmalight.com\/index.php\/wp-json\/wp\/v2\/product"}],"about":[{"href":"https:\/\/maggmalight.com\/index.php\/wp-json\/wp\/v2\/types\/product"}],"wp:featuredmedia":[{"embeddable":true,"href":"https:\/\/maggmalight.com\/index.php\/wp-json\/wp\/v2\/media\/11317"}],"wp:attachment":[{"href":"https:\/\/maggmalight.com\/index.php\/wp-json\/wp\/v2\/media?parent=11316"}],"wp:term":[{"taxonomy":"product_brand","embeddable":true,"href":"https:\/\/maggmalight.com\/index.php\/wp-json\/wp\/v2\/product_brand?post=11316"},{"taxonomy":"product_cat","embeddable":true,"href":"https:\/\/maggmalight.com\/index.php\/wp-json\/wp\/v2\/product_cat?post=11316"},{"taxonomy":"product_tag","embeddable":true,"href":"https:\/\/maggmalight.com\/index.php\/wp-json\/wp\/v2\/product_tag?post=11316"}],"curies":[{"name":"wp","href":"https:\/\/api.w.org\/{rel}","templated":true}]}}