{"id":11286,"date":"2025-09-25T18:01:06","date_gmt":"2025-09-25T16:01:06","guid":{"rendered":"https:\/\/maggmalight.com\/?post_type=product&#038;p=11286"},"modified":"2025-09-25T18:47:32","modified_gmt":"2025-09-25T16:47:32","slug":"projecteur-led-sur-rail-mago-a1155l","status":"publish","type":"product","link":"https:\/\/maggmalight.com\/index.php\/product\/projecteur-led-sur-rail-mago-a1155l\/","title":{"rendered":"Projecteur LED sur rail  &#8211; MAGO A1155L"},"content":{"rendered":"<p>&nbsp;<\/p>\n<p>&nbsp;<\/p>\n<p><b><strong>Dans cette s\u00e9rie, quatre mod\u00e8les de produits \u00e0 12W\/15W sont disponibles. Ils se distinguent par la plage de temp\u00e9rature de couleur du projecteur, ainsi que le mode de contr\u00f4le propos\u00e9 <\/strong><\/b>:<\/p>\n<ul data-start=\"348\" data-end=\"590\">\n<li data-start=\"348\" data-end=\"427\">\n<p data-start=\"350\" data-end=\"427\"><strong data-start=\"350\" data-end=\"385\">Plage de temp\u00e9rature de couleur<\/strong>\u00a0: plusieurs options selon l\u2019application<\/p>\n<\/li>\n<li data-start=\"428\" data-end=\"590\">\n<p data-start=\"430\" data-end=\"454\"><strong data-start=\"430\" data-end=\"450\">Mode de contr\u00f4le<\/strong>\u00a0:<\/p>\n<ul data-start=\"457\" data-end=\"590\">\n<li data-start=\"457\" data-end=\"479\">\n<p data-start=\"459\" data-end=\"479\">On\/Off (classique)\u00a0 (<strong>Mod\u00e8le : MAGO A1155L LV26CLC<\/strong>)<\/p>\n<\/li>\n<li data-start=\"482\" data-end=\"512\">\n<p data-start=\"484\" data-end=\"512\">RF Remote (commande radio)\u00a0\u00a0<strong>(<\/strong><strong>Mod\u00e8le : MAGO A1155L LV26RFC)<\/strong><\/p>\n<\/li>\n<li data-start=\"515\" data-end=\"544\">\n<p data-start=\"517\" data-end=\"544\">DALI (pilotage num\u00e9rique)\u00a0\u00a0<strong>(<\/strong><strong>Mod\u00e8le : MAGO A1155L LV26DAB)<\/strong><\/p>\n<\/li>\n<li data-start=\"547\" data-end=\"590\">\n<p data-start=\"549\" data-end=\"590\">Casambi (gestion intelligente sans fil)\u00a0\u00a0<strong>(Mod\u00e8le : MAGO A1155L LV26CAC)\u00a0<\/strong><\/p>\n<\/li>\n<\/ul>\n<\/li>\n<\/ul>\n<p><img fetchpriority=\"high\" decoding=\"async\" class=\"wp-image-11287 aligncenter\" src=\"https:\/\/maggmalight.com\/wp-content\/uploads\/2025\/09\/A1155-48V.webp\" alt=\"\" width=\"613\" height=\"613\" srcset=\"https:\/\/maggmalight.com\/wp-content\/uploads\/2025\/09\/A1155-48V.webp 2000w, https:\/\/maggmalight.com\/wp-content\/uploads\/2025\/09\/A1155-48V-300x300.webp 300w, https:\/\/maggmalight.com\/wp-content\/uploads\/2025\/09\/A1155-48V-1024x1024.webp 1024w, https:\/\/maggmalight.com\/wp-content\/uploads\/2025\/09\/A1155-48V-150x150.webp 150w, https:\/\/maggmalight.com\/wp-content\/uploads\/2025\/09\/A1155-48V-768x768.webp 768w, https:\/\/maggmalight.com\/wp-content\/uploads\/2025\/09\/A1155-48V-1536x1536.webp 1536w, https:\/\/maggmalight.com\/wp-content\/uploads\/2025\/09\/A1155-48V-1320x1320.webp 1320w, https:\/\/maggmalight.com\/wp-content\/uploads\/2025\/09\/A1155-48V-600x600.webp 600w, https:\/\/maggmalight.com\/wp-content\/uploads\/2025\/09\/A1155-48V-100x100.webp 100w\" sizes=\"(max-width: 613px) 100vw, 613px\" \/><\/p>\n<h5 class=\"!text-neutral-a12\">Caract\u00e9ristiques Communes aux mod\u00e8les MAGO A1155L :<\/h5>\n<p>Tous les mod\u00e8les\u00a0 MAGO A1155L partagent les caract\u00e9ristiques suivantes :<\/p>\n<ul class=\"!text-neutral-a12\">\n<li class=\"!text-neutral-a12\"><strong class=\"!text-neutral-a12\">D\u00e9nomination du projecteur :<\/strong>\u00a0MAGO A1155L<\/li>\n<li class=\"!text-neutral-a12\"><strong class=\"!text-neutral-a12\">Couleur de la finition :<\/strong>\u00a0Blanc\/Noir<\/li>\n<li class=\"!text-neutral-a12\"><strong class=\"!text-neutral-a12\">Indice de protection (IP) :<\/strong>\u00a0IP20 (convient pour un usage int\u00e9rieur uniquement)<\/li>\n<li class=\"!text-neutral-a12\"><strong class=\"!text-neutral-a12\">Indice de Rendu des Couleurs (IRC) :<\/strong>\u00a0Ra90 (excellente fid\u00e9lit\u00e9 des couleurs)<\/li>\n<li class=\"!text-neutral-a12\"><strong class=\"!text-neutral-a12\">Consistance des couleurs (MacAdam Initial) :<\/strong>\u00a0\u22643 SDCM<\/li>\n<li class=\"!text-neutral-a12\"><strong class=\"!text-neutral-a12\">Mat\u00e9riau optique :<\/strong>\u00a0Lentille en PC (Polycarbonate)<\/li>\n<li class=\"!text-neutral-a12\"><strong class=\"!text-neutral-a12\">Plage de gradation :<\/strong>\u00a00.1%~100%<\/li>\n<li class=\"!text-neutral-a12\"><strong class=\"!text-neutral-a12\">Marque du driver LED :<\/strong>\u00a0CE<\/li>\n<li class=\"!text-neutral-a12\"><strong class=\"!text-neutral-a12\">Tension d&rsquo;entr\u00e9e :<\/strong>\u00a0DC48V<\/li>\n<li class=\"!text-neutral-a12\"><strong class=\"!text-neutral-a12\">Facteur de puissance :<\/strong>\u00a0&gt;0.9<\/li>\n<li class=\"!text-neutral-a12\"><strong class=\"!text-neutral-a12\">Temp\u00e9rature de fonctionnement :<\/strong>\u00a0-20~40\u00b0C<\/li>\n<li class=\"!text-neutral-a12\"><strong class=\"!text-neutral-a12\">Protection :<\/strong>\u00a0Classe II<\/li>\n<li class=\"!text-neutral-a12\"><strong class=\"!text-neutral-a12\">Diam\u00e8tre physique :<\/strong>\u00a055mm<\/li>\n<li class=\"!text-neutral-a12\"><strong class=\"!text-neutral-a12\">Hauteur physique :<\/strong>\u00a0131mm<\/li>\n<li class=\"!text-neutral-a12\"><strong class=\"!text-neutral-a12\">Inclinaison maximale :<\/strong>\u00a0120\u00b0<\/li>\n<li class=\"!text-neutral-a12\"><strong class=\"!text-neutral-a12\">Rotation :<\/strong>\u00a0355\u00b0<\/li>\n<li class=\"!text-neutral-a12\"><strong class=\"!text-neutral-a12\">Mat\u00e9riau du bo\u00eetier :<\/strong>\u00a0Aluminium<\/li>\n<\/ul>\n<p>&nbsp;<\/p>\n<h5>Les mod\u00e8les disponibles :<\/h5>\n<p><img decoding=\"async\" class=\"wp-image-11302 aligncenter\" src=\"https:\/\/maggmalight.com\/wp-content\/uploads\/2025\/09\/Modeles-A1155L-1.webp\" alt=\"\" width=\"1619\" height=\"330\" srcset=\"https:\/\/maggmalight.com\/wp-content\/uploads\/2025\/09\/Modeles-A1155L-1.webp 1290w, https:\/\/maggmalight.com\/wp-content\/uploads\/2025\/09\/Modeles-A1155L-1-300x61.webp 300w, https:\/\/maggmalight.com\/wp-content\/uploads\/2025\/09\/Modeles-A1155L-1-1024x209.webp 1024w, https:\/\/maggmalight.com\/wp-content\/uploads\/2025\/09\/Modeles-A1155L-1-768x157.webp 768w, https:\/\/maggmalight.com\/wp-content\/uploads\/2025\/09\/Modeles-A1155L-1-600x122.webp 600w\" sizes=\"(max-width: 1619px) 100vw, 1619px\" \/><\/p>\n<p>&nbsp;<\/p>\n<p><img decoding=\"async\" class=\"wp-image-11299 aligncenter\" src=\"https:\/\/maggmalight.com\/wp-content\/uploads\/2025\/09\/A1155-48V-03.webp\" alt=\"\" width=\"674\" height=\"674\" srcset=\"https:\/\/maggmalight.com\/wp-content\/uploads\/2025\/09\/A1155-48V-03.webp 2000w, https:\/\/maggmalight.com\/wp-content\/uploads\/2025\/09\/A1155-48V-03-300x300.webp 300w, https:\/\/maggmalight.com\/wp-content\/uploads\/2025\/09\/A1155-48V-03-1024x1024.webp 1024w, https:\/\/maggmalight.com\/wp-content\/uploads\/2025\/09\/A1155-48V-03-150x150.webp 150w, https:\/\/maggmalight.com\/wp-content\/uploads\/2025\/09\/A1155-48V-03-768x768.webp 768w, https:\/\/maggmalight.com\/wp-content\/uploads\/2025\/09\/A1155-48V-03-1536x1536.webp 1536w, https:\/\/maggmalight.com\/wp-content\/uploads\/2025\/09\/A1155-48V-03-1320x1320.webp 1320w, https:\/\/maggmalight.com\/wp-content\/uploads\/2025\/09\/A1155-48V-03-600x600.webp 600w, https:\/\/maggmalight.com\/wp-content\/uploads\/2025\/09\/A1155-48V-03-100x100.webp 100w\" sizes=\"(max-width: 674px) 100vw, 674px\" \/><\/p>\n<p><img loading=\"lazy\" decoding=\"async\" class=\"wp-image-11298 aligncenter\" src=\"https:\/\/maggmalight.com\/wp-content\/uploads\/2025\/09\/A1155-48V-02.webp\" alt=\"\" width=\"686\" height=\"686\" srcset=\"https:\/\/maggmalight.com\/wp-content\/uploads\/2025\/09\/A1155-48V-02.webp 2000w, https:\/\/maggmalight.com\/wp-content\/uploads\/2025\/09\/A1155-48V-02-300x300.webp 300w, https:\/\/maggmalight.com\/wp-content\/uploads\/2025\/09\/A1155-48V-02-1024x1024.webp 1024w, https:\/\/maggmalight.com\/wp-content\/uploads\/2025\/09\/A1155-48V-02-150x150.webp 150w, https:\/\/maggmalight.com\/wp-content\/uploads\/2025\/09\/A1155-48V-02-768x768.webp 768w, https:\/\/maggmalight.com\/wp-content\/uploads\/2025\/09\/A1155-48V-02-1536x1536.webp 1536w, https:\/\/maggmalight.com\/wp-content\/uploads\/2025\/09\/A1155-48V-02-1320x1320.webp 1320w, https:\/\/maggmalight.com\/wp-content\/uploads\/2025\/09\/A1155-48V-02-600x600.webp 600w, https:\/\/maggmalight.com\/wp-content\/uploads\/2025\/09\/A1155-48V-02-100x100.webp 100w\" sizes=\"(max-width: 686px) 100vw, 686px\" \/><\/p>\n<p><img loading=\"lazy\" decoding=\"async\" class=\"wp-image-11293 aligncenter\" src=\"https:\/\/maggmalight.com\/wp-content\/uploads\/2025\/09\/A1155-48V-23.webp\" alt=\"\" width=\"674\" height=\"674\" srcset=\"https:\/\/maggmalight.com\/wp-content\/uploads\/2025\/09\/A1155-48V-23.webp 2000w, https:\/\/maggmalight.com\/wp-content\/uploads\/2025\/09\/A1155-48V-23-300x300.webp 300w, https:\/\/maggmalight.com\/wp-content\/uploads\/2025\/09\/A1155-48V-23-1024x1024.webp 1024w, https:\/\/maggmalight.com\/wp-content\/uploads\/2025\/09\/A1155-48V-23-150x150.webp 150w, https:\/\/maggmalight.com\/wp-content\/uploads\/2025\/09\/A1155-48V-23-768x768.webp 768w, https:\/\/maggmalight.com\/wp-content\/uploads\/2025\/09\/A1155-48V-23-1536x1536.webp 1536w, https:\/\/maggmalight.com\/wp-content\/uploads\/2025\/09\/A1155-48V-23-1320x1320.webp 1320w, https:\/\/maggmalight.com\/wp-content\/uploads\/2025\/09\/A1155-48V-23-600x600.webp 600w, https:\/\/maggmalight.com\/wp-content\/uploads\/2025\/09\/A1155-48V-23-100x100.webp 100w\" sizes=\"(max-width: 674px) 100vw, 674px\" \/><\/p>\n<p>&nbsp;<\/p>\n<p><strong data-start=\"1661\" data-end=\"1674\">Remarques :<\/strong><\/p>\n<ul data-start=\"1677\" data-end=\"1876\">\n<li data-start=\"1677\" data-end=\"1787\">\n<p data-start=\"1679\" data-end=\"1787\">Pour d\u2019autres options ou obtenir le rapport de test original, merci de contacter notre \u00e9quipe commerciale.<\/p>\n<\/li>\n<li data-start=\"1788\" data-end=\"1876\">\n<p data-start=\"1790\" data-end=\"1876\">Toutes les donn\u00e9es techniques sont sujettes aux tol\u00e9rances standards de l\u2019industrie.<\/p>\n<\/li>\n<\/ul>\n","protected":false},"excerpt":{"rendered":"<p>Le\u00a0<strong class=\"!text-neutral-a12\">MAGO A1155L<\/strong>\u00a0est un\u00a0<strong class=\"!text-neutral-a12\">projecteur sur rail magn\u00e9tique de 48V basse tension<\/strong>, offrant une puissance variant\u00a0<strong class=\"!text-neutral-a12\">de 12W \u00e0 16W<\/strong>. Con\u00e7u pour offrir un \u00e9clairage professionnel, flexible et esth\u00e9tique dans des environnements int\u00e9rieurs modernes, il allie performance technique et design \u00e9pur\u00e9, ce qui le rend id\u00e9al pour une vari\u00e9t\u00e9 d&rsquo;applications.<\/p>\n<p>&nbsp;<\/p>\n<p>&nbsp;<\/p>\n<p>&nbsp;<\/p>\n","protected":false},"featured_media":11295,"template":"","meta":[],"product_brand":[177],"product_cat":[178],"product_tag":[],"class_list":{"0":"post-11286","1":"product","2":"type-product","3":"status-publish","4":"has-post-thumbnail","6":"product_brand-maggmalight-brand","7":"product_cat-maggmalight","9":"first","10":"instock","11":"shipping-taxable","12":"product-type-simple"},"jetpack_sharing_enabled":true,"_links":{"self":[{"href":"https:\/\/maggmalight.com\/index.php\/wp-json\/wp\/v2\/product\/11286","targetHints":{"allow":["GET"]}}],"collection":[{"href":"https:\/\/maggmalight.com\/index.php\/wp-json\/wp\/v2\/product"}],"about":[{"href":"https:\/\/maggmalight.com\/index.php\/wp-json\/wp\/v2\/types\/product"}],"wp:featuredmedia":[{"embeddable":true,"href":"https:\/\/maggmalight.com\/index.php\/wp-json\/wp\/v2\/media\/11295"}],"wp:attachment":[{"href":"https:\/\/maggmalight.com\/index.php\/wp-json\/wp\/v2\/media?parent=11286"}],"wp:term":[{"taxonomy":"product_brand","embeddable":true,"href":"https:\/\/maggmalight.com\/index.php\/wp-json\/wp\/v2\/product_brand?post=11286"},{"taxonomy":"product_cat","embeddable":true,"href":"https:\/\/maggmalight.com\/index.php\/wp-json\/wp\/v2\/product_cat?post=11286"},{"taxonomy":"product_tag","embeddable":true,"href":"https:\/\/maggmalight.com\/index.php\/wp-json\/wp\/v2\/product_tag?post=11286"}],"curies":[{"name":"wp","href":"https:\/\/api.w.org\/{rel}","templated":true}]}}