{"id":11272,"date":"2025-09-25T17:17:18","date_gmt":"2025-09-25T15:17:18","guid":{"rendered":"https:\/\/maggmalight.com\/?post_type=product&#038;p=11272"},"modified":"2025-09-25T17:40:41","modified_gmt":"2025-09-25T15:40:41","slug":"projecteur-led-sur-rail-mago-a1145l","status":"publish","type":"product","link":"https:\/\/maggmalight.com\/index.php\/product\/projecteur-led-sur-rail-mago-a1145l\/","title":{"rendered":"Projecteur LED sur rail  &#8211; MAGO A1145L"},"content":{"rendered":"<p>&nbsp;<\/p>\n<p>&nbsp;<\/p>\n<p><b><strong>Dans cette s\u00e9rie, quatre mod\u00e8les de produits \u00e0 10W sont disponibles. Ils se distinguent par la plage de temp\u00e9rature de couleur du projecteur, ainsi que le mode de contr\u00f4le propos\u00e9\u00a0<\/strong><\/b>:<\/p>\n<ul data-start=\"348\" data-end=\"590\">\n<li data-start=\"348\" data-end=\"427\">\n<p data-start=\"350\" data-end=\"427\"><strong data-start=\"350\" data-end=\"385\">Plage de temp\u00e9rature de couleur<\/strong>\u00a0: plusieurs options selon l\u2019application<\/p>\n<\/li>\n<li data-start=\"428\" data-end=\"590\">\n<p data-start=\"430\" data-end=\"454\"><strong data-start=\"430\" data-end=\"450\">Mode de contr\u00f4le<\/strong>\u00a0:<\/p>\n<ul data-start=\"457\" data-end=\"590\">\n<li data-start=\"457\" data-end=\"479\">\n<p data-start=\"459\" data-end=\"479\">On\/Off (classique)\u00a0 (<strong>Mod\u00e8le : MAGO A1145L LV26CLC<\/strong>)<\/p>\n<\/li>\n<li data-start=\"482\" data-end=\"512\">\n<p data-start=\"484\" data-end=\"512\">RF Remote (commande radio)\u00a0\u00a0<strong>(<\/strong><strong>Mod\u00e8le : MAGO A1145L LV26RFC)<\/strong><\/p>\n<\/li>\n<li data-start=\"515\" data-end=\"544\">\n<p data-start=\"517\" data-end=\"544\">DALI (pilotage num\u00e9rique)\u00a0\u00a0<strong>(<\/strong><strong>Mod\u00e8le : MAGO A1145L LV26DAB)<\/strong><\/p>\n<\/li>\n<li data-start=\"547\" data-end=\"590\">\n<p data-start=\"549\" data-end=\"590\">Casambi (gestion intelligente sans fil)\u00a0\u00a0<strong>(Mod\u00e8le : MAGO A1145L LV26CAC)\u00a0<\/strong><\/p>\n<\/li>\n<\/ul>\n<\/li>\n<\/ul>\n<p>&nbsp;<\/p>\n<h5 data-start=\"270\" data-end=\"291\">Points communs<\/h5>\n<p>&nbsp;<\/p>\n<ul data-start=\"292\" data-end=\"750\">\n<li data-start=\"292\" data-end=\"316\">\n<p data-start=\"294\" data-end=\"316\"><strong data-start=\"294\" data-end=\"307\">Indice IP<\/strong> : IP20<\/p>\n<\/li>\n<li data-start=\"317\" data-end=\"336\">\n<p data-start=\"319\" data-end=\"336\"><strong data-start=\"319\" data-end=\"326\">IRC<\/strong> : Ra\u226590<\/p>\n<\/li>\n<li data-start=\"337\" data-end=\"378\">\n<p data-start=\"339\" data-end=\"378\"><strong data-start=\"339\" data-end=\"359\">Mat\u00e9riau optique<\/strong> : lentille en PC<\/p>\n<\/li>\n<li data-start=\"379\" data-end=\"423\">\n<p data-start=\"381\" data-end=\"423\"><strong data-start=\"381\" data-end=\"403\">Angles de faisceau<\/strong> : 15\u00b0\/24\u00b0\/36\u00b0\/50\u00b0<\/p>\n<\/li>\n<li data-start=\"424\" data-end=\"447\">\n<p data-start=\"426\" data-end=\"447\"><strong data-start=\"426\" data-end=\"439\">Puissance<\/strong> : 10W<\/p>\n<\/li>\n<li data-start=\"448\" data-end=\"480\">\n<p data-start=\"450\" data-end=\"480\"><strong data-start=\"450\" data-end=\"470\">Tension d\u2019entr\u00e9e<\/strong> : DC48V<\/p>\n<\/li>\n<li data-start=\"481\" data-end=\"516\">\n<p data-start=\"483\" data-end=\"516\"><strong data-start=\"483\" data-end=\"507\">Facteur de puissance<\/strong> : &gt;0.9<\/p>\n<\/li>\n<li data-start=\"517\" data-end=\"565\">\n<p data-start=\"519\" data-end=\"565\"><strong data-start=\"519\" data-end=\"552\">Temp\u00e9rature de fonctionnement<\/strong> : -20~40\u00b0C<\/p>\n<\/li>\n<li data-start=\"566\" data-end=\"596\">\n<p data-start=\"568\" data-end=\"596\"><strong data-start=\"568\" data-end=\"582\">Protection<\/strong> : Classe II<\/p>\n<\/li>\n<li data-start=\"597\" data-end=\"642\">\n<p data-start=\"599\" data-end=\"642\"><strong data-start=\"599\" data-end=\"623\">Dimensions physiques<\/strong> : \u00d845mm x H105mm<\/p>\n<\/li>\n<li data-start=\"643\" data-end=\"689\">\n<p data-start=\"645\" data-end=\"689\"><strong data-start=\"645\" data-end=\"660\">Inclinaison<\/strong> : max 120\u00b0 \u2013 Rotation 355\u00b0<\/p>\n<\/li>\n<li data-start=\"690\" data-end=\"750\">\n<p data-start=\"692\" data-end=\"750\"><strong data-start=\"692\" data-end=\"712\">Mat\u00e9riau bo\u00eetier<\/strong> : aluminium \u2013 Finition thermolaqu\u00e9e<\/p>\n<\/li>\n<li data-start=\"690\" data-end=\"750\"><strong>\u00c9clairage int\u00e9rieur<\/strong><\/li>\n<\/ul>\n<p><img fetchpriority=\"high\" decoding=\"async\" class=\"wp-image-11278 aligncenter\" src=\"https:\/\/maggmalight.com\/wp-content\/uploads\/2025\/09\/A1145-48V.webp\" alt=\"\" width=\"540\" height=\"540\" srcset=\"https:\/\/maggmalight.com\/wp-content\/uploads\/2025\/09\/A1145-48V.webp 2000w, https:\/\/maggmalight.com\/wp-content\/uploads\/2025\/09\/A1145-48V-300x300.webp 300w, https:\/\/maggmalight.com\/wp-content\/uploads\/2025\/09\/A1145-48V-1024x1024.webp 1024w, https:\/\/maggmalight.com\/wp-content\/uploads\/2025\/09\/A1145-48V-150x150.webp 150w, https:\/\/maggmalight.com\/wp-content\/uploads\/2025\/09\/A1145-48V-768x768.webp 768w, https:\/\/maggmalight.com\/wp-content\/uploads\/2025\/09\/A1145-48V-1536x1536.webp 1536w, https:\/\/maggmalight.com\/wp-content\/uploads\/2025\/09\/A1145-48V-1320x1320.webp 1320w, https:\/\/maggmalight.com\/wp-content\/uploads\/2025\/09\/A1145-48V-600x600.webp 600w, https:\/\/maggmalight.com\/wp-content\/uploads\/2025\/09\/A1145-48V-100x100.webp 100w\" sizes=\"(max-width: 540px) 100vw, 540px\" \/><\/p>\n<p><img decoding=\"async\" class=\"wp-image-11276 aligncenter\" src=\"https:\/\/maggmalight.com\/wp-content\/uploads\/2025\/09\/A1145-48V-19.webp\" alt=\"\" width=\"632\" height=\"632\" srcset=\"https:\/\/maggmalight.com\/wp-content\/uploads\/2025\/09\/A1145-48V-19.webp 2000w, https:\/\/maggmalight.com\/wp-content\/uploads\/2025\/09\/A1145-48V-19-300x300.webp 300w, https:\/\/maggmalight.com\/wp-content\/uploads\/2025\/09\/A1145-48V-19-1024x1024.webp 1024w, https:\/\/maggmalight.com\/wp-content\/uploads\/2025\/09\/A1145-48V-19-150x150.webp 150w, https:\/\/maggmalight.com\/wp-content\/uploads\/2025\/09\/A1145-48V-19-768x768.webp 768w, https:\/\/maggmalight.com\/wp-content\/uploads\/2025\/09\/A1145-48V-19-1536x1536.webp 1536w, https:\/\/maggmalight.com\/wp-content\/uploads\/2025\/09\/A1145-48V-19-1320x1320.webp 1320w, https:\/\/maggmalight.com\/wp-content\/uploads\/2025\/09\/A1145-48V-19-600x600.webp 600w, https:\/\/maggmalight.com\/wp-content\/uploads\/2025\/09\/A1145-48V-19-100x100.webp 100w\" sizes=\"(max-width: 632px) 100vw, 632px\" \/><\/p>\n<p><img decoding=\"async\" class=\"wp-image-11273 aligncenter\" src=\"https:\/\/maggmalight.com\/wp-content\/uploads\/2025\/09\/A1145-48V-30.webp\" alt=\"\" width=\"638\" height=\"638\" srcset=\"https:\/\/maggmalight.com\/wp-content\/uploads\/2025\/09\/A1145-48V-30.webp 2000w, https:\/\/maggmalight.com\/wp-content\/uploads\/2025\/09\/A1145-48V-30-300x300.webp 300w, https:\/\/maggmalight.com\/wp-content\/uploads\/2025\/09\/A1145-48V-30-1024x1024.webp 1024w, https:\/\/maggmalight.com\/wp-content\/uploads\/2025\/09\/A1145-48V-30-150x150.webp 150w, https:\/\/maggmalight.com\/wp-content\/uploads\/2025\/09\/A1145-48V-30-768x768.webp 768w, https:\/\/maggmalight.com\/wp-content\/uploads\/2025\/09\/A1145-48V-30-1536x1536.webp 1536w, https:\/\/maggmalight.com\/wp-content\/uploads\/2025\/09\/A1145-48V-30-1320x1320.webp 1320w, https:\/\/maggmalight.com\/wp-content\/uploads\/2025\/09\/A1145-48V-30-600x600.webp 600w, https:\/\/maggmalight.com\/wp-content\/uploads\/2025\/09\/A1145-48V-30-100x100.webp 100w\" sizes=\"(max-width: 638px) 100vw, 638px\" \/><\/p>\n<h5>Les mod\u00e8les disponibles :<\/h5>\n<p>&nbsp;<\/p>\n<p style=\"text-align: center;\"><strong>Mod\u00e8le : MAGO A1145L LV26DAB<\/strong><\/p>\n<p style=\"text-align: center;\">Projecteur LED sur rail 10W<\/p>\n<p style=\"text-align: center;\">IRC \u00e9lev\u00e9, 2700K\/3000K\/3500K\/4000K<\/p>\n<p style=\"text-align: center;\">Angle de faisceau : 15\u00b0\/24\u00b0\/36\u00b0\/50\u00b0<\/p>\n<p>&nbsp;<\/p>\n<p style=\"text-align: center;\"><strong>Mod\u00e8le : MAGO A1145L LV26DAC<\/strong><\/p>\n<p style=\"text-align: center;\">Projecteur LED sur rail 10W<\/p>\n<p style=\"text-align: center;\">IRC \u00e9lev\u00e9, Tunable White 2700~6500K<\/p>\n<p style=\"text-align: center;\">Angle de faisceau : 15\u00b0\/24\u00b0\/36\u00b0\/50\u00b0<\/p>\n<p>&nbsp;<\/p>\n<p style=\"text-align: center;\"><strong>Mod\u00e8le : MAGO A1145L LV26RFC<\/strong><\/p>\n<p style=\"text-align: center;\">Projecteur LED sur rail 10W<\/p>\n<p style=\"text-align: center;\">IRC Elev\u00e9, Tunable White 2700~6500K<\/p>\n<p style=\"text-align: center;\">Angle de faisceau : 15\u00b0\/24\u00b0\/36\u00b0\/50\u00b0<\/p>\n<p>&nbsp;<\/p>\n<p style=\"text-align: center;\"><strong>Mod\u00e8le : MAGO A1145L LV26RFB<\/strong><\/p>\n<p style=\"text-align: center;\">Projecteur LED sur rail 10W<\/p>\n<p style=\"text-align: center;\">IRC Elev\u00e9, 2700K\/3000K\/3500K\/4000K<\/p>\n<p style=\"text-align: center;\">Angle de faisceau : 15\u00b0\/24\u00b0\/36\u00b0\/50\u00b0<\/p>\n<p><strong data-start=\"1661\" data-end=\"1674\">Remarques :<\/strong><\/p>\n<ul data-start=\"1677\" data-end=\"1876\">\n<li data-start=\"1677\" data-end=\"1787\">\n<p data-start=\"1679\" data-end=\"1787\">Pour d\u2019autres options ou obtenir le rapport de test original, merci de contacter notre \u00e9quipe commerciale.<\/p>\n<\/li>\n<li data-start=\"1788\" data-end=\"1876\">\n<p data-start=\"1790\" data-end=\"1876\">Toutes les donn\u00e9es techniques sont sujettes aux tol\u00e9rances standards de l\u2019industrie.<\/p>\n<\/li>\n<\/ul>\n<p>&nbsp;<\/p>\n","protected":false},"excerpt":{"rendered":"<p>Le\u00a0<strong class=\"!text-neutral-a12\">MAGO A1055A<\/strong> est un <strong class=\"!text-neutral-a12\">projecteur de 10W sur rail magn\u00e9tique de 48V basse tension<\/strong>\u00a0con\u00e7ue pour offrir un \u00e9clairage professionnel, flexible et esth\u00e9tique dans des environnements int\u00e9rieurs modernes. Alliant performance technique et design \u00e9pur\u00e9, ce luminaire est id\u00e9al pour une vari\u00e9t\u00e9 d&rsquo;applications.<\/p>\n","protected":false},"featured_media":11282,"template":"","meta":[],"product_brand":[177],"product_cat":[178],"product_tag":[],"class_list":{"0":"post-11272","1":"product","2":"type-product","3":"status-publish","4":"has-post-thumbnail","6":"product_brand-maggmalight-brand","7":"product_cat-maggmalight","9":"first","10":"instock","11":"shipping-taxable","12":"product-type-simple"},"jetpack_sharing_enabled":true,"_links":{"self":[{"href":"https:\/\/maggmalight.com\/index.php\/wp-json\/wp\/v2\/product\/11272","targetHints":{"allow":["GET"]}}],"collection":[{"href":"https:\/\/maggmalight.com\/index.php\/wp-json\/wp\/v2\/product"}],"about":[{"href":"https:\/\/maggmalight.com\/index.php\/wp-json\/wp\/v2\/types\/product"}],"wp:featuredmedia":[{"embeddable":true,"href":"https:\/\/maggmalight.com\/index.php\/wp-json\/wp\/v2\/media\/11282"}],"wp:attachment":[{"href":"https:\/\/maggmalight.com\/index.php\/wp-json\/wp\/v2\/media?parent=11272"}],"wp:term":[{"taxonomy":"product_brand","embeddable":true,"href":"https:\/\/maggmalight.com\/index.php\/wp-json\/wp\/v2\/product_brand?post=11272"},{"taxonomy":"product_cat","embeddable":true,"href":"https:\/\/maggmalight.com\/index.php\/wp-json\/wp\/v2\/product_cat?post=11272"},{"taxonomy":"product_tag","embeddable":true,"href":"https:\/\/maggmalight.com\/index.php\/wp-json\/wp\/v2\/product_tag?post=11272"}],"curies":[{"name":"wp","href":"https:\/\/api.w.org\/{rel}","templated":true}]}}