{"id":11247,"date":"2025-09-25T13:16:59","date_gmt":"2025-09-25T11:16:59","guid":{"rendered":"https:\/\/maggmalight.com\/?post_type=product&#038;p=11247"},"modified":"2025-10-02T22:59:05","modified_gmt":"2025-10-02T20:59:05","slug":"spot-lineaire-reglable-la22","status":"publish","type":"product","link":"https:\/\/maggmalight.com\/index.php\/product\/spot-lineaire-reglable-la22\/","title":{"rendered":"Spot lin\u00e9aire r\u00e9glable LA22"},"content":{"rendered":"<p>&nbsp;<\/p>\n<p><strong>Un spot lin\u00e9aire r\u00e9glable<\/strong> est un luminaire LED sur<strong> rail magn\u00e9tique basse tension 48V<\/strong> de la marque <strong>MAGGMALIGHT<\/strong>, il permet d\u2019ajuster l\u2019orientation du faisceau lumineux. Il associe la pr\u00e9cision d\u2019un spot \u00e0 la flexibilit\u00e9 d\u2019un luminaire lin\u00e9aire, offrant un \u00e9clairage modulable, pr\u00e9cis et uniforme selon les besoins.<\/p>\n<p style=\"text-align: left;\"><b><strong>Dans cette s\u00e9rie, plusieurs variantes de produits sont disponibles. Ils se distinguent par la longueur du spot lin\u00e9aire r\u00e9glable, ainsi que le mode de contr\u00f4le propos\u00e9 <\/strong><\/b>:<\/p>\n<ul data-start=\"348\" data-end=\"590\">\n<li data-start=\"428\" data-end=\"590\">\n<p data-start=\"430\" data-end=\"454\"><strong data-start=\"430\" data-end=\"450\">Mode de contr\u00f4le<\/strong> :<\/p>\n<ul data-start=\"457\" data-end=\"590\">\n<li data-start=\"457\" data-end=\"479\">\n<p data-start=\"459\" data-end=\"479\">On\/Off (classique)<\/p>\n<\/li>\n<li data-start=\"482\" data-end=\"512\">\n<p data-start=\"484\" data-end=\"512\">RF Remote (commande radio)\u00a0 <b>\u00a0<\/b><\/p>\n<\/li>\n<li data-start=\"515\" data-end=\"544\">\n<p data-start=\"517\" data-end=\"544\">DALI (pilotage num\u00e9rique)<\/p>\n<\/li>\n<li data-start=\"547\" data-end=\"590\">\n<p data-start=\"549\" data-end=\"590\">Casambi (gestion intelligente sans fil)<\/p>\n<\/li>\n<\/ul>\n<\/li>\n<\/ul>\n<p>&nbsp;<\/p>\n<p>&nbsp;<\/p>\n<h6 data-start=\"905\" data-end=\"925\">Caract\u00e9ristiques communes \u00e0 tous les mod\u00e8les :<\/h6>\n<p>&nbsp;<\/p>\n<ul>\n<li><strong data-start=\"350\" data-end=\"385\">Plage de temp\u00e9rature de couleur<\/strong> :\u00a0 \u00a0 2700K\/3000K\/4000K<\/li>\n<\/ul>\n<ul data-start=\"926\" data-end=\"1287\">\n<li data-start=\"237\" data-end=\"269\">\n<p data-start=\"239\" data-end=\"269\"><strong data-start=\"239\" data-end=\"260\">Angle de faisceau<\/strong> : 20\u00b0\/32\u00b0\/50\u00b0<\/p>\n<\/li>\n<li data-start=\"270\" data-end=\"311\">\n<p data-start=\"272\" data-end=\"311\"><strong data-start=\"272\" data-end=\"287\">Utilisation<\/strong> : \u00c9clairage int\u00e9rieur<\/p>\n<\/li>\n<li data-start=\"926\" data-end=\"981\">\n<p data-start=\"928\" data-end=\"981\"><strong data-start=\"928\" data-end=\"947\">Type de montage<\/strong> : Rail basse tension 48V (LV26)<\/p>\n<\/li>\n<li data-start=\"982\" data-end=\"1017\">\n<p data-start=\"984\" data-end=\"1017\"><strong data-start=\"984\" data-end=\"1008\">M\u00e9thode de gradation<\/strong> : DALI ou\u00a0 RF ou Casambi<\/p>\n<\/li>\n<li data-start=\"1018\" data-end=\"1058\">\n<p data-start=\"1020\" data-end=\"1058\"><strong data-start=\"1020\" data-end=\"1042\">Plage de gradation<\/strong> : 0,1 \u00e0 100 %<\/p>\n<\/li>\n<li data-start=\"1093\" data-end=\"1126\">\n<p data-start=\"1095\" data-end=\"1126\"><strong data-start=\"1095\" data-end=\"1115\">Tension d\u2019entr\u00e9e<\/strong> : DC 48V<\/p>\n<\/li>\n<li data-start=\"1160\" data-end=\"1195\">\n<p data-start=\"1162\" data-end=\"1195\"><strong data-start=\"1162\" data-end=\"1186\">Facteur de puissance<\/strong> : &gt;0,9<\/p>\n<\/li>\n<li data-start=\"1196\" data-end=\"1249\">\n<p data-start=\"1198\" data-end=\"1249\"><strong data-start=\"1198\" data-end=\"1231\">Temp\u00e9rature de fonctionnement<\/strong> : -20\u00b0C \u00e0 +40\u00b0C<\/p>\n<\/li>\n<li data-start=\"1250\" data-end=\"1287\">\n<p data-start=\"1252\" data-end=\"1287\"><strong data-start=\"1252\" data-end=\"1273\">Classe \u00e9lectrique<\/strong> : Classe II<\/p>\n<\/li>\n<\/ul>\n<p>&nbsp;<\/p>\n<h5>Les mod\u00e8les disponibles :<\/h5>\n<p>&nbsp;<\/p>\n<table class=\"w-fit min-w-(--thread-content-width)\" data-start=\"36\" data-end=\"187\">\n<thead data-start=\"36\" data-end=\"72\">\n<tr data-start=\"36\" data-end=\"72\">\n<th data-start=\"36\" data-end=\"48\" data-col-size=\"sm\">R\u00e9f\u00e9rence<\/th>\n<th data-start=\"48\" data-end=\"59\" data-col-size=\"sm\">Longueur<\/th>\n<th data-start=\"59\" data-end=\"72\" data-col-size=\"sm\">Puissance<\/th>\n<\/tr>\n<\/thead>\n<tbody data-start=\"110\" data-end=\"187\">\n<tr data-start=\"110\" data-end=\"147\">\n<td data-start=\"110\" data-end=\"122\" data-col-size=\"sm\">MAG-LA22A<\/td>\n<td data-start=\"122\" data-end=\"133\" data-col-size=\"sm\">117 mm<\/td>\n<td data-start=\"133\" data-end=\"147\" data-col-size=\"sm\">6 W<\/td>\n<\/tr>\n<tr data-start=\"148\" data-end=\"187\">\n<td data-start=\"148\" data-end=\"160\" data-col-size=\"sm\">MAG-LA22B<\/td>\n<td data-start=\"160\" data-end=\"171\" data-col-size=\"sm\">231 mm<\/td>\n<td data-start=\"171\" data-end=\"187\" data-col-size=\"sm\">12 W<\/td>\n<\/tr>\n<\/tbody>\n<\/table>\n<div id='gallery-1' class='gallery galleryid-11247 gallery-columns-2 gallery-size-large'><figure class='gallery-item'>\n\t\t\t<div class='gallery-icon landscape'>\n\t\t\t\t<a href='https:\/\/maggmalight.com\/?attachment_id=11252'><img fetchpriority=\"high\" decoding=\"async\" width=\"900\" height=\"900\" src=\"https:\/\/maggmalight.com\/wp-content\/uploads\/2025\/09\/LA22-48V-LV26-6LED-1024x1024.webp\" class=\"attachment-large size-large\" alt=\"\" srcset=\"https:\/\/maggmalight.com\/wp-content\/uploads\/2025\/09\/LA22-48V-LV26-6LED-1024x1024.webp 1024w, https:\/\/maggmalight.com\/wp-content\/uploads\/2025\/09\/LA22-48V-LV26-6LED-300x300.webp 300w, https:\/\/maggmalight.com\/wp-content\/uploads\/2025\/09\/LA22-48V-LV26-6LED-150x150.webp 150w, https:\/\/maggmalight.com\/wp-content\/uploads\/2025\/09\/LA22-48V-LV26-6LED-768x768.webp 768w, https:\/\/maggmalight.com\/wp-content\/uploads\/2025\/09\/LA22-48V-LV26-6LED-1536x1536.webp 1536w, https:\/\/maggmalight.com\/wp-content\/uploads\/2025\/09\/LA22-48V-LV26-6LED-1320x1320.webp 1320w, https:\/\/maggmalight.com\/wp-content\/uploads\/2025\/09\/LA22-48V-LV26-6LED-600x600.webp 600w, https:\/\/maggmalight.com\/wp-content\/uploads\/2025\/09\/LA22-48V-LV26-6LED-100x100.webp 100w, https:\/\/maggmalight.com\/wp-content\/uploads\/2025\/09\/LA22-48V-LV26-6LED.webp 2000w\" sizes=\"(max-width: 900px) 100vw, 900px\" \/><\/a>\n\t\t\t<\/div><\/figure><figure class='gallery-item'>\n\t\t\t<div class='gallery-icon portrait'>\n\t\t\t\t<a href='https:\/\/maggmalight.com\/?attachment_id=11256'><img decoding=\"async\" width=\"900\" height=\"900\" src=\"https:\/\/maggmalight.com\/wp-content\/uploads\/2025\/09\/LA22-12W-INT-1024x1024.webp\" class=\"attachment-large size-large\" alt=\"\" srcset=\"https:\/\/maggmalight.com\/wp-content\/uploads\/2025\/09\/LA22-12W-INT-1024x1024.webp 1024w, https:\/\/maggmalight.com\/wp-content\/uploads\/2025\/09\/LA22-12W-INT-300x300.webp 300w, https:\/\/maggmalight.com\/wp-content\/uploads\/2025\/09\/LA22-12W-INT-150x150.webp 150w, https:\/\/maggmalight.com\/wp-content\/uploads\/2025\/09\/LA22-12W-INT-768x768.webp 768w, https:\/\/maggmalight.com\/wp-content\/uploads\/2025\/09\/LA22-12W-INT-1536x1536.webp 1536w, https:\/\/maggmalight.com\/wp-content\/uploads\/2025\/09\/LA22-12W-INT-1320x1321.webp 1320w, https:\/\/maggmalight.com\/wp-content\/uploads\/2025\/09\/LA22-12W-INT-600x600.webp 600w, https:\/\/maggmalight.com\/wp-content\/uploads\/2025\/09\/LA22-12W-INT-100x100.webp 100w, https:\/\/maggmalight.com\/wp-content\/uploads\/2025\/09\/LA22-12W-INT.webp 2000w\" sizes=\"(max-width: 900px) 100vw, 900px\" \/><\/a>\n\t\t\t<\/div><\/figure>\n\t\t<\/div>\n\n<p><img decoding=\"async\" class=\"wp-image-11255 aligncenter\" src=\"https:\/\/maggmalight.com\/wp-content\/uploads\/2025\/09\/LA22-48V-LV26.webp\" alt=\"\" width=\"871\" height=\"871\" srcset=\"https:\/\/maggmalight.com\/wp-content\/uploads\/2025\/09\/LA22-48V-LV26.webp 2000w, https:\/\/maggmalight.com\/wp-content\/uploads\/2025\/09\/LA22-48V-LV26-300x300.webp 300w, https:\/\/maggmalight.com\/wp-content\/uploads\/2025\/09\/LA22-48V-LV26-1024x1024.webp 1024w, https:\/\/maggmalight.com\/wp-content\/uploads\/2025\/09\/LA22-48V-LV26-150x150.webp 150w, https:\/\/maggmalight.com\/wp-content\/uploads\/2025\/09\/LA22-48V-LV26-768x768.webp 768w, https:\/\/maggmalight.com\/wp-content\/uploads\/2025\/09\/LA22-48V-LV26-1536x1536.webp 1536w, https:\/\/maggmalight.com\/wp-content\/uploads\/2025\/09\/LA22-48V-LV26-1320x1320.webp 1320w, https:\/\/maggmalight.com\/wp-content\/uploads\/2025\/09\/LA22-48V-LV26-600x600.webp 600w, https:\/\/maggmalight.com\/wp-content\/uploads\/2025\/09\/LA22-48V-LV26-100x100.webp 100w\" sizes=\"(max-width: 871px) 100vw, 871px\" \/><\/p>\n<p>&nbsp;<\/p>\n<p>&nbsp;<\/p>\n<p>&nbsp;<\/p>\n<p>&nbsp;<\/p>\n<p>&nbsp;<\/p>\n<p>&nbsp;<\/p>\n<p><strong data-start=\"1661\" data-end=\"1674\">Remarques :<\/strong><\/p>\n<ul data-start=\"1677\" data-end=\"1876\">\n<li data-start=\"1677\" data-end=\"1787\">\n<p data-start=\"1679\" data-end=\"1787\">Pour d\u2019autres options ou obtenir le rapport de test original, merci de contacter notre \u00e9quipe commerciale.<\/p>\n<\/li>\n<li data-start=\"1788\" data-end=\"1876\">\n<p data-start=\"1790\" data-end=\"1876\">Toutes les donn\u00e9es techniques sont sujettes aux tol\u00e9rances standards de l\u2019industrie.<\/p>\n<\/li>\n<\/ul>\n","protected":false},"excerpt":{"rendered":"<p><strong>Un spot lin\u00e9aire r\u00e9glable<\/strong> est un luminaire LED sur<strong> rail magn\u00e9tique basse tension 48V<\/strong> de la marque <strong>MAGGMALIGHT<\/strong>, il permet d\u2019ajuster l\u2019orientation du faisceau lumineux. Il associe la pr\u00e9cision d\u2019un spot \u00e0 la flexibilit\u00e9 d\u2019un luminaire lin\u00e9aire, offrant un \u00e9clairage modulable, pr\u00e9cis et uniforme selon les besoins.<\/p>\n<p style=\"text-align: left;\"><b><strong>Dans cette s\u00e9rie, plusieurs variantes de produits sont disponibles. Ils se distinguent par la longueur du spot lin\u00e9aire r\u00e9glable, ainsi que le mode de contr\u00f4le propos\u00e9.<\/strong><\/b><\/p>\n","protected":false},"featured_media":11374,"template":"","meta":[],"product_brand":[177],"product_cat":[178],"product_tag":[],"class_list":{"0":"post-11247","1":"product","2":"type-product","3":"status-publish","4":"has-post-thumbnail","6":"product_brand-maggmalight-brand","7":"product_cat-maggmalight","9":"first","10":"instock","11":"shipping-taxable","12":"product-type-simple"},"jetpack_sharing_enabled":true,"_links":{"self":[{"href":"https:\/\/maggmalight.com\/index.php\/wp-json\/wp\/v2\/product\/11247","targetHints":{"allow":["GET"]}}],"collection":[{"href":"https:\/\/maggmalight.com\/index.php\/wp-json\/wp\/v2\/product"}],"about":[{"href":"https:\/\/maggmalight.com\/index.php\/wp-json\/wp\/v2\/types\/product"}],"wp:featuredmedia":[{"embeddable":true,"href":"https:\/\/maggmalight.com\/index.php\/wp-json\/wp\/v2\/media\/11374"}],"wp:attachment":[{"href":"https:\/\/maggmalight.com\/index.php\/wp-json\/wp\/v2\/media?parent=11247"}],"wp:term":[{"taxonomy":"product_brand","embeddable":true,"href":"https:\/\/maggmalight.com\/index.php\/wp-json\/wp\/v2\/product_brand?post=11247"},{"taxonomy":"product_cat","embeddable":true,"href":"https:\/\/maggmalight.com\/index.php\/wp-json\/wp\/v2\/product_cat?post=11247"},{"taxonomy":"product_tag","embeddable":true,"href":"https:\/\/maggmalight.com\/index.php\/wp-json\/wp\/v2\/product_tag?post=11247"}],"curies":[{"name":"wp","href":"https:\/\/api.w.org\/{rel}","templated":true}]}}