{"id":11234,"date":"2025-09-24T14:04:14","date_gmt":"2025-09-24T12:04:14","guid":{"rendered":"https:\/\/maggmalight.com\/?post_type=product&#038;p=11234"},"modified":"2025-10-02T22:53:19","modified_gmt":"2025-10-02T20:53:19","slug":"spot-lineaire-48v-ls22","status":"publish","type":"product","link":"https:\/\/maggmalight.com\/index.php\/product\/spot-lineaire-48v-ls22\/","title":{"rendered":"Spot Lin\u00e9aire 48V LS22"},"content":{"rendered":"<p>&nbsp;<\/p>\n<p>Un<strong> spot lin\u00e9aire<\/strong> est un luminaire LED con\u00e7u pour projeter la lumi\u00e8re sur une zone \u00e9troite et directionnelle. Il combine la pr\u00e9cision d\u2019un spot avec la continuit\u00e9 d\u2019un luminaire lin\u00e9aire, offrant un \u00e9clairage focalis\u00e9 et uniforme.<\/p>\n<p style=\"text-align: left;\"><b><strong>Dans cette s\u00e9rie, 3 mod\u00e8les de produits \u00e0 10W, 20W et 25W sont disponibles. Ils se distinguent par la longueur du spot lin\u00e9aire, ainsi que le mode de contr\u00f4le propos\u00e9 <\/strong><\/b>:<\/p>\n<ul data-start=\"348\" data-end=\"590\">\n<li data-start=\"428\" data-end=\"590\">\n<p data-start=\"430\" data-end=\"454\"><strong data-start=\"430\" data-end=\"450\">Mode de contr\u00f4le<\/strong> :<\/p>\n<ul data-start=\"457\" data-end=\"590\">\n<li data-start=\"457\" data-end=\"479\">\n<p data-start=\"459\" data-end=\"479\">On\/Off (classique)<\/p>\n<\/li>\n<li data-start=\"482\" data-end=\"512\">\n<p data-start=\"484\" data-end=\"512\">RF Remote (commande radio)\u00a0 <b>\u00a0<\/b><\/p>\n<\/li>\n<li data-start=\"515\" data-end=\"544\">\n<p data-start=\"517\" data-end=\"544\">DALI (pilotage num\u00e9rique)<\/p>\n<\/li>\n<li data-start=\"547\" data-end=\"590\">\n<p data-start=\"549\" data-end=\"590\">Casambi (gestion intelligente sans fil)<\/p>\n<\/li>\n<\/ul>\n<\/li>\n<\/ul>\n<p><img fetchpriority=\"high\" decoding=\"async\" class=\"wp-image-11246 aligncenter\" src=\"https:\/\/maggmalight.com\/wp-content\/uploads\/2025\/09\/Linear-Spot-48V-LV26-10W.webp\" alt=\"\" width=\"342\" height=\"342\" srcset=\"https:\/\/maggmalight.com\/wp-content\/uploads\/2025\/09\/Linear-Spot-48V-LV26-10W.webp 2000w, https:\/\/maggmalight.com\/wp-content\/uploads\/2025\/09\/Linear-Spot-48V-LV26-10W-300x300.webp 300w, https:\/\/maggmalight.com\/wp-content\/uploads\/2025\/09\/Linear-Spot-48V-LV26-10W-1024x1024.webp 1024w, https:\/\/maggmalight.com\/wp-content\/uploads\/2025\/09\/Linear-Spot-48V-LV26-10W-150x150.webp 150w, https:\/\/maggmalight.com\/wp-content\/uploads\/2025\/09\/Linear-Spot-48V-LV26-10W-768x768.webp 768w, https:\/\/maggmalight.com\/wp-content\/uploads\/2025\/09\/Linear-Spot-48V-LV26-10W-1536x1536.webp 1536w, https:\/\/maggmalight.com\/wp-content\/uploads\/2025\/09\/Linear-Spot-48V-LV26-10W-1320x1320.webp 1320w, https:\/\/maggmalight.com\/wp-content\/uploads\/2025\/09\/Linear-Spot-48V-LV26-10W-600x600.webp 600w, https:\/\/maggmalight.com\/wp-content\/uploads\/2025\/09\/Linear-Spot-48V-LV26-10W-100x100.webp 100w\" sizes=\"(max-width: 342px) 100vw, 342px\" \/><\/p>\n<h6 data-start=\"905\" data-end=\"925\">Caract\u00e9ristiques communes \u00e0 tous les mod\u00e8les :<\/h6>\n<p>&nbsp;<\/p>\n<ul>\n<li><strong data-start=\"350\" data-end=\"385\">Plage de temp\u00e9rature de couleur<\/strong> :\u00a0 \u00a0 2700K\/3000K\/4000K<\/li>\n<\/ul>\n<ul data-start=\"926\" data-end=\"1287\">\n<li data-start=\"237\" data-end=\"269\">\n<p data-start=\"239\" data-end=\"269\"><strong data-start=\"239\" data-end=\"260\">Angle de faisceau<\/strong> : 30\u00b0<\/p>\n<\/li>\n<li data-start=\"270\" data-end=\"311\">\n<p data-start=\"272\" data-end=\"311\"><strong data-start=\"272\" data-end=\"287\">Utilisation<\/strong> : \u00c9clairage int\u00e9rieur<\/p>\n<\/li>\n<li data-start=\"926\" data-end=\"981\">\n<p data-start=\"928\" data-end=\"981\"><strong data-start=\"928\" data-end=\"947\">Type de montage<\/strong> : Rail basse tension 48V (LV26)<\/p>\n<\/li>\n<li data-start=\"982\" data-end=\"1017\">\n<p data-start=\"984\" data-end=\"1017\"><strong data-start=\"984\" data-end=\"1008\">M\u00e9thode de gradation<\/strong> : DALI ou\u00a0 RF ou Casambi<\/p>\n<\/li>\n<li data-start=\"1018\" data-end=\"1058\">\n<p data-start=\"1020\" data-end=\"1058\"><strong data-start=\"1020\" data-end=\"1042\">Plage de gradation<\/strong> : 0,1 \u00e0 100 %<\/p>\n<\/li>\n<li data-start=\"1093\" data-end=\"1126\">\n<p data-start=\"1095\" data-end=\"1126\"><strong data-start=\"1095\" data-end=\"1115\">Tension d\u2019entr\u00e9e<\/strong> : DC 48V<\/p>\n<\/li>\n<li data-start=\"1160\" data-end=\"1195\">\n<p data-start=\"1162\" data-end=\"1195\"><strong data-start=\"1162\" data-end=\"1186\">Facteur de puissance<\/strong> : &gt;0,9<\/p>\n<\/li>\n<li data-start=\"1196\" data-end=\"1249\">\n<p data-start=\"1198\" data-end=\"1249\"><strong data-start=\"1198\" data-end=\"1231\">Temp\u00e9rature de fonctionnement<\/strong> : -20\u00b0C \u00e0 +40\u00b0C<\/p>\n<\/li>\n<li data-start=\"1250\" data-end=\"1287\">\n<p data-start=\"1252\" data-end=\"1287\"><strong data-start=\"1252\" data-end=\"1273\">Classe \u00e9lectrique<\/strong> : Classe II<\/p>\n<\/li>\n<\/ul>\n<p>&nbsp;<\/p>\n<h5>Les mod\u00e8les disponibles :<\/h5>\n<p>&nbsp;<\/p>\n<table>\n<thead>\n<tr>\n<th><strong>R\u00e9f\u00e9rence<\/strong><\/th>\n<th><strong>Longueur<\/strong><\/th>\n<th><strong>Puissance<\/strong><\/th>\n<\/tr>\n<\/thead>\n<tbody>\n<tr>\n<td>MAG-LS22A<\/td>\n<td>231 mm<\/td>\n<td>10 W<\/td>\n<\/tr>\n<tr>\n<td>MAG-LS22B<\/td>\n<td>458 mm<\/td>\n<td>20 W<\/td>\n<\/tr>\n<tr>\n<td>MAG-LS22C<\/td>\n<td>685 mm<\/td>\n<td>25 W<\/td>\n<\/tr>\n<\/tbody>\n<\/table>\n<p>&nbsp;<\/p>\n<p><img decoding=\"async\" class=\"wp-image-11362 aligncenter\" src=\"https:\/\/maggmalight.com\/wp-content\/uploads\/2025\/09\/1.jpg\" alt=\"\" width=\"757\" height=\"757\" srcset=\"https:\/\/maggmalight.com\/wp-content\/uploads\/2025\/09\/1.jpg 2000w, https:\/\/maggmalight.com\/wp-content\/uploads\/2025\/09\/1-300x300.jpg 300w, https:\/\/maggmalight.com\/wp-content\/uploads\/2025\/09\/1-1024x1024.jpg 1024w, https:\/\/maggmalight.com\/wp-content\/uploads\/2025\/09\/1-150x150.jpg 150w, https:\/\/maggmalight.com\/wp-content\/uploads\/2025\/09\/1-768x768.jpg 768w, https:\/\/maggmalight.com\/wp-content\/uploads\/2025\/09\/1-1536x1536.jpg 1536w, https:\/\/maggmalight.com\/wp-content\/uploads\/2025\/09\/1-1320x1320.jpg 1320w, https:\/\/maggmalight.com\/wp-content\/uploads\/2025\/09\/1-600x600.jpg 600w, https:\/\/maggmalight.com\/wp-content\/uploads\/2025\/09\/1-100x100.jpg 100w\" sizes=\"(max-width: 757px) 100vw, 757px\" \/> <img decoding=\"async\" class=\"wp-image-11368 aligncenter\" src=\"https:\/\/maggmalight.com\/wp-content\/uploads\/2025\/09\/7-1.jpg\" alt=\"\" width=\"763\" height=\"763\" srcset=\"https:\/\/maggmalight.com\/wp-content\/uploads\/2025\/09\/7-1.jpg 2000w, https:\/\/maggmalight.com\/wp-content\/uploads\/2025\/09\/7-1-300x300.jpg 300w, https:\/\/maggmalight.com\/wp-content\/uploads\/2025\/09\/7-1-1024x1024.jpg 1024w, https:\/\/maggmalight.com\/wp-content\/uploads\/2025\/09\/7-1-150x150.jpg 150w, https:\/\/maggmalight.com\/wp-content\/uploads\/2025\/09\/7-1-768x768.jpg 768w, https:\/\/maggmalight.com\/wp-content\/uploads\/2025\/09\/7-1-1536x1536.jpg 1536w, https:\/\/maggmalight.com\/wp-content\/uploads\/2025\/09\/7-1-1320x1320.jpg 1320w, https:\/\/maggmalight.com\/wp-content\/uploads\/2025\/09\/7-1-600x600.jpg 600w, https:\/\/maggmalight.com\/wp-content\/uploads\/2025\/09\/7-1-100x100.jpg 100w\" sizes=\"(max-width: 763px) 100vw, 763px\" \/><\/p>\n<p>&nbsp;<\/p>\n<p>&nbsp;<\/p>\n<p>&nbsp;<\/p>\n<p><strong data-start=\"1661\" data-end=\"1674\">Remarques :<\/strong><\/p>\n<ul data-start=\"1677\" data-end=\"1876\">\n<li data-start=\"1677\" data-end=\"1787\">\n<p data-start=\"1679\" data-end=\"1787\">Pour d\u2019autres options ou obtenir le rapport de test original, merci de contacter notre \u00e9quipe commerciale.<\/p>\n<\/li>\n<li data-start=\"1788\" data-end=\"1876\">\n<p data-start=\"1790\" data-end=\"1876\">Toutes les donn\u00e9es techniques sont sujettes aux tol\u00e9rances standards de l\u2019industrie.<\/p>\n<\/li>\n<\/ul>\n","protected":false},"excerpt":{"rendered":"<p>Un<strong> spot lin\u00e9aire<\/strong> est un luminaire LED con\u00e7u pour projeter la lumi\u00e8re sur une zone \u00e9troite et directionnelle. Il combine la pr\u00e9cision d\u2019un spot avec la continuit\u00e9 d\u2019un luminaire lin\u00e9aire, offrant un \u00e9clairage focalis\u00e9 et uniforme.<\/p>\n<p style=\"text-align: left;\">Dans cette s\u00e9rie, 3 mod\u00e8les de produits \u00e0 10W, 20W et 25W sont disponibles. Ils se distinguent par la longueur du luminaire, ainsi que le mode de contr\u00f4le propos\u00e9<\/p>\n","protected":false},"featured_media":11364,"template":"","meta":[],"product_brand":[177],"product_cat":[178],"product_tag":[],"class_list":{"0":"post-11234","1":"product","2":"type-product","3":"status-publish","4":"has-post-thumbnail","6":"product_brand-maggmalight-brand","7":"product_cat-maggmalight","9":"first","10":"instock","11":"shipping-taxable","12":"product-type-simple"},"jetpack_sharing_enabled":true,"_links":{"self":[{"href":"https:\/\/maggmalight.com\/index.php\/wp-json\/wp\/v2\/product\/11234","targetHints":{"allow":["GET"]}}],"collection":[{"href":"https:\/\/maggmalight.com\/index.php\/wp-json\/wp\/v2\/product"}],"about":[{"href":"https:\/\/maggmalight.com\/index.php\/wp-json\/wp\/v2\/types\/product"}],"wp:featuredmedia":[{"embeddable":true,"href":"https:\/\/maggmalight.com\/index.php\/wp-json\/wp\/v2\/media\/11364"}],"wp:attachment":[{"href":"https:\/\/maggmalight.com\/index.php\/wp-json\/wp\/v2\/media?parent=11234"}],"wp:term":[{"taxonomy":"product_brand","embeddable":true,"href":"https:\/\/maggmalight.com\/index.php\/wp-json\/wp\/v2\/product_brand?post=11234"},{"taxonomy":"product_cat","embeddable":true,"href":"https:\/\/maggmalight.com\/index.php\/wp-json\/wp\/v2\/product_cat?post=11234"},{"taxonomy":"product_tag","embeddable":true,"href":"https:\/\/maggmalight.com\/index.php\/wp-json\/wp\/v2\/product_tag?post=11234"}],"curies":[{"name":"wp","href":"https:\/\/api.w.org\/{rel}","templated":true}]}}