{"id":11216,"date":"2025-09-24T13:47:35","date_gmt":"2025-09-24T11:47:35","guid":{"rendered":"https:\/\/maggmalight.com\/?post_type=product&#038;p=11216"},"modified":"2025-10-02T22:48:47","modified_gmt":"2025-10-02T20:48:47","slug":"eclairage-lineaire-48v","status":"publish","type":"product","link":"https:\/\/maggmalight.com\/index.php\/product\/eclairage-lineaire-48v\/","title":{"rendered":"\u00c9clairage lin\u00e9aire 48V LL22"},"content":{"rendered":"<p>&nbsp;<\/p>\n<p>Un <strong data-start=\"93\" data-end=\"115\">luminaire lin\u00e9aire<\/strong> (ou <strong data-start=\"120\" data-end=\"142\">\u00e9clairage lin\u00e9aire<\/strong>) est un dispositif d\u2019\u00e9clairage en forme de ligne continue, plut\u00f4t qu\u2019en point.<br data-start=\"221\" data-end=\"224\" \/>Il est g\u00e9n\u00e9ralement constitu\u00e9 de LED dispos\u00e9es dans un profil\u00e9 long et \u00e9troit pour produire un \u00e9clairage uniforme.<\/p>\n<p style=\"text-align: left;\"><b><strong>Dans cette s\u00e9rie, 3 mod\u00e8les de produits \u00e0 10W, 20W et 25W sont disponibles. Ils se distinguent par la plage de temp\u00e9rature de couleur de la lin\u00e9aire et sa longueur, ainsi que le mode de contr\u00f4le propos\u00e9 <\/strong><\/b>:<\/p>\n<ul data-start=\"348\" data-end=\"590\">\n<li data-start=\"348\" data-end=\"427\">\n<p data-start=\"350\" data-end=\"427\"><strong data-start=\"350\" data-end=\"385\">Plage de temp\u00e9rature de couleur<\/strong> :\u00a0 Tunable White 2700~6500K\u00a0 \u00a0ou\u00a0 2700K\/3000K\/4000K\/5000K\/5700K<\/p>\n<\/li>\n<li data-start=\"428\" data-end=\"590\">\n<p data-start=\"430\" data-end=\"454\"><strong data-start=\"430\" data-end=\"450\">Mode de contr\u00f4le<\/strong> :<\/p>\n<ul data-start=\"457\" data-end=\"590\">\n<li data-start=\"457\" data-end=\"479\">\n<p data-start=\"459\" data-end=\"479\">On\/Off (classique)<\/p>\n<\/li>\n<li data-start=\"482\" data-end=\"512\">\n<p data-start=\"484\" data-end=\"512\">RF Remote (commande radio)\u00a0 <b>\u00a0<\/b><\/p>\n<\/li>\n<li data-start=\"515\" data-end=\"544\">\n<p data-start=\"517\" data-end=\"544\">DALI (pilotage num\u00e9rique)<\/p>\n<\/li>\n<li data-start=\"547\" data-end=\"590\">\n<p data-start=\"549\" data-end=\"590\">Casambi (gestion intelligente sans fil)\u00a0 <b>\u00a0<\/b><\/p>\n<\/li>\n<\/ul>\n<\/li>\n<\/ul>\n<p><img fetchpriority=\"high\" decoding=\"async\" class=\" wp-image-11232 aligncenter\" src=\"https:\/\/maggmalight.com\/wp-content\/uploads\/2025\/09\/600-linear-light.webp\" alt=\"\" width=\"245\" height=\"268\" \/><\/p>\n<h6 data-start=\"905\" data-end=\"925\">Caract\u00e9ristiques communes \u00e0 tous les mod\u00e8les :<\/h6>\n<ul data-start=\"926\" data-end=\"1287\">\n<li data-start=\"237\" data-end=\"269\">\n<p data-start=\"239\" data-end=\"269\"><strong data-start=\"239\" data-end=\"260\">Angle de faisceau<\/strong> : 100\u00b0<\/p>\n<\/li>\n<li data-start=\"270\" data-end=\"311\">\n<p data-start=\"272\" data-end=\"311\"><strong data-start=\"272\" data-end=\"287\">Utilisation<\/strong> : \u00c9clairage int\u00e9rieur<\/p>\n<\/li>\n<li data-start=\"926\" data-end=\"981\">\n<p data-start=\"928\" data-end=\"981\"><strong data-start=\"928\" data-end=\"947\">Type de montage<\/strong> : Rail basse tension 48V (LV26)<\/p>\n<\/li>\n<li data-start=\"982\" data-end=\"1017\">\n<p data-start=\"984\" data-end=\"1017\"><strong data-start=\"984\" data-end=\"1008\">M\u00e9thode de gradation<\/strong> : DALI ou\u00a0 RF ou Casambi<\/p>\n<\/li>\n<li data-start=\"1018\" data-end=\"1058\">\n<p data-start=\"1020\" data-end=\"1058\"><strong data-start=\"1020\" data-end=\"1042\">Plage de gradation<\/strong> : 0,1 \u00e0 100 %<\/p>\n<\/li>\n<li data-start=\"1059\" data-end=\"1092\">\n<p data-start=\"1061\" data-end=\"1092\"><strong data-start=\"1061\" data-end=\"1085\">Marque du driver LED<\/strong> : CE<\/p>\n<\/li>\n<li data-start=\"1093\" data-end=\"1126\">\n<p data-start=\"1095\" data-end=\"1126\"><strong data-start=\"1095\" data-end=\"1115\">Tension d\u2019entr\u00e9e<\/strong> : DC 48V<\/p>\n<\/li>\n<li data-start=\"1160\" data-end=\"1195\">\n<p data-start=\"1162\" data-end=\"1195\"><strong data-start=\"1162\" data-end=\"1186\">Facteur de puissance<\/strong> : &gt;0,9<\/p>\n<\/li>\n<li data-start=\"1196\" data-end=\"1249\">\n<p data-start=\"1198\" data-end=\"1249\"><strong data-start=\"1198\" data-end=\"1231\">Temp\u00e9rature de fonctionnement<\/strong> : -20\u00b0C \u00e0 +40\u00b0C<\/p>\n<\/li>\n<li data-start=\"1250\" data-end=\"1287\">\n<p data-start=\"1252\" data-end=\"1287\"><strong data-start=\"1252\" data-end=\"1273\">Classe \u00e9lectrique<\/strong> : Classe II<\/p>\n<\/li>\n<\/ul>\n<p>&nbsp;<\/p>\n<h5>Les mod\u00e8les disponibles :<\/h5>\n<p>&nbsp;<\/p>\n<table>\n<thead>\n<tr>\n<th><strong>R\u00e9f\u00e9rence<\/strong><\/th>\n<th><strong>Longueur<\/strong><\/th>\n<th><strong>Puissance<\/strong><\/th>\n<\/tr>\n<\/thead>\n<tbody>\n<tr>\n<td>MAG-LL22G<\/td>\n<td>1200 mm<\/td>\n<td>25 W<\/td>\n<\/tr>\n<tr>\n<td>MAG-LL22C<\/td>\n<td>730 mm<\/td>\n<td>25 W<\/td>\n<\/tr>\n<tr>\n<td>MAG-LL22F<\/td>\n<td>600 mm<\/td>\n<td>20 W<\/td>\n<\/tr>\n<tr>\n<td>MAG-LL22E<\/td>\n<td>300 mm<\/td>\n<td>10 W<\/td>\n<\/tr>\n<\/tbody>\n<\/table>\n<p data-start=\"1657\" data-end=\"1676\"><strong data-start=\"1661\" data-end=\"1674\">Remarques :<\/strong><\/p>\n<ul data-start=\"1677\" data-end=\"1876\">\n<li data-start=\"1677\" data-end=\"1787\">\n<p data-start=\"1679\" data-end=\"1787\">Pour d\u2019autres options ou obtenir le rapport de test original, merci de contacter notre \u00e9quipe commerciale.<\/p>\n<\/li>\n<li data-start=\"1788\" data-end=\"1876\">\n<p data-start=\"1790\" data-end=\"1876\">Toutes les donn\u00e9es techniques sont sujettes aux tol\u00e9rances standards de l\u2019industrie.<\/p>\n<\/li>\n<\/ul>\n","protected":false},"excerpt":{"rendered":"<p><b><strong>Dans cette s\u00e9rie, 3 mod\u00e8les de produits \u00e0 10W, 20W et 25W sont disponibles. Ils se distinguent par la plage de temp\u00e9rature de couleur de la lin\u00e9aire,\u00a0 le mode de contr\u00f4le propos\u00e9 et la longueur de luminaire.<\/strong><\/b><\/p>\n","protected":false},"featured_media":11358,"template":"","meta":[],"product_brand":[177],"product_cat":[178],"product_tag":[],"class_list":{"0":"post-11216","1":"product","2":"type-product","3":"status-publish","4":"has-post-thumbnail","6":"product_brand-maggmalight-brand","7":"product_cat-maggmalight","9":"first","10":"instock","11":"shipping-taxable","12":"product-type-simple"},"jetpack_sharing_enabled":true,"_links":{"self":[{"href":"https:\/\/maggmalight.com\/index.php\/wp-json\/wp\/v2\/product\/11216","targetHints":{"allow":["GET"]}}],"collection":[{"href":"https:\/\/maggmalight.com\/index.php\/wp-json\/wp\/v2\/product"}],"about":[{"href":"https:\/\/maggmalight.com\/index.php\/wp-json\/wp\/v2\/types\/product"}],"wp:featuredmedia":[{"embeddable":true,"href":"https:\/\/maggmalight.com\/index.php\/wp-json\/wp\/v2\/media\/11358"}],"wp:attachment":[{"href":"https:\/\/maggmalight.com\/index.php\/wp-json\/wp\/v2\/media?parent=11216"}],"wp:term":[{"taxonomy":"product_brand","embeddable":true,"href":"https:\/\/maggmalight.com\/index.php\/wp-json\/wp\/v2\/product_brand?post=11216"},{"taxonomy":"product_cat","embeddable":true,"href":"https:\/\/maggmalight.com\/index.php\/wp-json\/wp\/v2\/product_cat?post=11216"},{"taxonomy":"product_tag","embeddable":true,"href":"https:\/\/maggmalight.com\/index.php\/wp-json\/wp\/v2\/product_tag?post=11216"}],"curies":[{"name":"wp","href":"https:\/\/api.w.org\/{rel}","templated":true}]}}