{"id":11193,"date":"2025-09-24T10:59:06","date_gmt":"2025-09-24T08:59:06","guid":{"rendered":"https:\/\/maggmalight.com\/?post_type=product&#038;p=11193"},"modified":"2025-10-02T22:45:27","modified_gmt":"2025-10-02T20:45:27","slug":"rail-declairage-track-rail-de-basse-tension-48v","status":"publish","type":"product","link":"https:\/\/maggmalight.com\/index.php\/product\/rail-declairage-track-rail-de-basse-tension-48v\/","title":{"rendered":"Rail d&rsquo;\u00e9clairage 48V (Track Rail)"},"content":{"rendered":"<p>&nbsp;<\/p>\n<p>&nbsp;<\/p>\n<p><img fetchpriority=\"high\" decoding=\"async\" class=\" wp-image-11214 aligncenter\" src=\"https:\/\/maggmalight.com\/wp-content\/uploads\/2025\/09\/MAGO_48V_A10_A11-removebg-preview.webp\" alt=\"\" width=\"884\" height=\"169\" srcset=\"https:\/\/maggmalight.com\/wp-content\/uploads\/2025\/09\/MAGO_48V_A10_A11-removebg-preview.webp 811w, https:\/\/maggmalight.com\/wp-content\/uploads\/2025\/09\/MAGO_48V_A10_A11-removebg-preview-300x57.webp 300w, https:\/\/maggmalight.com\/wp-content\/uploads\/2025\/09\/MAGO_48V_A10_A11-removebg-preview-768x147.webp 768w, https:\/\/maggmalight.com\/wp-content\/uploads\/2025\/09\/MAGO_48V_A10_A11-removebg-preview-600x115.webp 600w\" sizes=\"(max-width: 884px) 100vw, 884px\" \/><\/p>\n<p><strong data-start=\"255\" data-end=\"452\">Le rail d\u2019\u00e9clairage 48V est un profil\u00e9 (souvent en aluminium) qui int\u00e8gre des conducteurs \u00e9lectriques et sert \u00e0 alimenter et fixer plusieurs luminaires modulables (spots, projecteurs, suspensions).<\/strong><\/p>\n<h5 data-start=\"461\" data-end=\"497\"><strong data-start=\"468\" data-end=\"495\">Fonctions principales :<\/strong><\/h5>\n<ul data-start=\"498\" data-end=\"892\">\n<li data-start=\"498\" data-end=\"673\">\n<p data-start=\"500\" data-end=\"673\"><strong data-start=\"500\" data-end=\"527\">Alimentation \u00e9lectrique<\/strong> : le rail contient des <strong data-start=\"551\" data-end=\"577\">barrettes conductrices<\/strong> (1, 2, 3 ou 4 circuits, basse ou haute tension) qui distribuent l\u2019\u00e9lectricit\u00e9 aux luminaires.<\/p>\n<\/li>\n<li data-start=\"674\" data-end=\"769\">\n<p data-start=\"676\" data-end=\"769\"><strong data-start=\"676\" data-end=\"697\">Support m\u00e9canique<\/strong> : il sert de <strong data-start=\"711\" data-end=\"733\">support de montage<\/strong> pour fixer les projecteurs\/spots.<\/p>\n<\/li>\n<li data-start=\"770\" data-end=\"892\">\n<p data-start=\"772\" data-end=\"892\"><strong data-start=\"772\" data-end=\"787\">Flexibilit\u00e9<\/strong> : les luminaires peuvent \u00eatre <strong data-start=\"818\" data-end=\"853\">d\u00e9plac\u00e9s, orient\u00e9s ou remplac\u00e9s<\/strong> sans intervention \u00e9lectrique lourde.<\/p>\n<\/li>\n<\/ul>\n<p><img decoding=\"async\" class=\" wp-image-11213 aligncenter\" src=\"https:\/\/maggmalight.com\/wp-content\/uploads\/2025\/09\/RAIl-Track-clipsing.webp\" alt=\"\" width=\"706\" height=\"246\" srcset=\"https:\/\/maggmalight.com\/wp-content\/uploads\/2025\/09\/RAIl-Track-clipsing.webp 943w, https:\/\/maggmalight.com\/wp-content\/uploads\/2025\/09\/RAIl-Track-clipsing-300x105.webp 300w, https:\/\/maggmalight.com\/wp-content\/uploads\/2025\/09\/RAIl-Track-clipsing-768x268.webp 768w, https:\/\/maggmalight.com\/wp-content\/uploads\/2025\/09\/RAIl-Track-clipsing-600x209.webp 600w\" sizes=\"(max-width: 706px) 100vw, 706px\" \/><\/p>\n<p>&nbsp;<\/p>\n<p>Chez MAGGMALIGHT, nous proposons 5 types de rails basse tension 48 V : les mod\u00e8les T1, T2, T3 et T4 en version Down, et le mod\u00e8le T5 en version Up\/Down :<\/p>\n<div id='gallery-1' class='gallery galleryid-11193 gallery-columns-5 gallery-size-medium'><figure class='gallery-item'>\n\t\t\t<div class='gallery-icon landscape'>\n\t\t\t\t<a href='https:\/\/maggmalight.com\/?attachment_id=11207'><img decoding=\"async\" width=\"300\" height=\"300\" src=\"https:\/\/maggmalight.com\/wp-content\/uploads\/2025\/09\/T1-300x300.webp\" class=\"attachment-medium size-medium\" alt=\"\" srcset=\"https:\/\/maggmalight.com\/wp-content\/uploads\/2025\/09\/T1-300x300.webp 300w, https:\/\/maggmalight.com\/wp-content\/uploads\/2025\/09\/T1-1024x1024.webp 1024w, https:\/\/maggmalight.com\/wp-content\/uploads\/2025\/09\/T1-150x150.webp 150w, https:\/\/maggmalight.com\/wp-content\/uploads\/2025\/09\/T1-768x768.webp 768w, https:\/\/maggmalight.com\/wp-content\/uploads\/2025\/09\/T1-1536x1536.webp 1536w, https:\/\/maggmalight.com\/wp-content\/uploads\/2025\/09\/T1-1320x1320.webp 1320w, https:\/\/maggmalight.com\/wp-content\/uploads\/2025\/09\/T1-600x600.webp 600w, https:\/\/maggmalight.com\/wp-content\/uploads\/2025\/09\/T1-100x100.webp 100w, https:\/\/maggmalight.com\/wp-content\/uploads\/2025\/09\/T1.webp 2000w\" sizes=\"(max-width: 300px) 100vw, 300px\" \/><\/a>\n\t\t\t<\/div><\/figure><figure class='gallery-item'>\n\t\t\t<div class='gallery-icon landscape'>\n\t\t\t\t<a href='https:\/\/maggmalight.com\/?attachment_id=11210'><img loading=\"lazy\" decoding=\"async\" width=\"300\" height=\"300\" src=\"https:\/\/maggmalight.com\/wp-content\/uploads\/2025\/09\/T2-300x300.webp\" class=\"attachment-medium size-medium\" alt=\"\" srcset=\"https:\/\/maggmalight.com\/wp-content\/uploads\/2025\/09\/T2-300x300.webp 300w, https:\/\/maggmalight.com\/wp-content\/uploads\/2025\/09\/T2-1024x1024.webp 1024w, https:\/\/maggmalight.com\/wp-content\/uploads\/2025\/09\/T2-150x150.webp 150w, https:\/\/maggmalight.com\/wp-content\/uploads\/2025\/09\/T2-768x768.webp 768w, https:\/\/maggmalight.com\/wp-content\/uploads\/2025\/09\/T2-1536x1536.webp 1536w, https:\/\/maggmalight.com\/wp-content\/uploads\/2025\/09\/T2-1320x1320.webp 1320w, https:\/\/maggmalight.com\/wp-content\/uploads\/2025\/09\/T2-600x600.webp 600w, https:\/\/maggmalight.com\/wp-content\/uploads\/2025\/09\/T2-100x100.webp 100w, https:\/\/maggmalight.com\/wp-content\/uploads\/2025\/09\/T2.webp 2000w\" sizes=\"(max-width: 300px) 100vw, 300px\" \/><\/a>\n\t\t\t<\/div><\/figure><figure class='gallery-item'>\n\t\t\t<div class='gallery-icon landscape'>\n\t\t\t\t<a href='https:\/\/maggmalight.com\/?attachment_id=11209'><img loading=\"lazy\" decoding=\"async\" width=\"300\" height=\"300\" src=\"https:\/\/maggmalight.com\/wp-content\/uploads\/2025\/09\/T3-300x300.webp\" class=\"attachment-medium size-medium\" alt=\"\" srcset=\"https:\/\/maggmalight.com\/wp-content\/uploads\/2025\/09\/T3-300x300.webp 300w, https:\/\/maggmalight.com\/wp-content\/uploads\/2025\/09\/T3-1024x1024.webp 1024w, https:\/\/maggmalight.com\/wp-content\/uploads\/2025\/09\/T3-150x150.webp 150w, https:\/\/maggmalight.com\/wp-content\/uploads\/2025\/09\/T3-768x768.webp 768w, https:\/\/maggmalight.com\/wp-content\/uploads\/2025\/09\/T3-1536x1536.webp 1536w, https:\/\/maggmalight.com\/wp-content\/uploads\/2025\/09\/T3-1320x1320.webp 1320w, https:\/\/maggmalight.com\/wp-content\/uploads\/2025\/09\/T3-600x600.webp 600w, https:\/\/maggmalight.com\/wp-content\/uploads\/2025\/09\/T3-100x100.webp 100w, https:\/\/maggmalight.com\/wp-content\/uploads\/2025\/09\/T3.webp 2000w\" sizes=\"(max-width: 300px) 100vw, 300px\" \/><\/a>\n\t\t\t<\/div><\/figure><figure class='gallery-item'>\n\t\t\t<div class='gallery-icon landscape'>\n\t\t\t\t<a href='https:\/\/maggmalight.com\/?attachment_id=11206'><img loading=\"lazy\" decoding=\"async\" width=\"300\" height=\"300\" src=\"https:\/\/maggmalight.com\/wp-content\/uploads\/2025\/09\/T4-300x300.webp\" class=\"attachment-medium size-medium\" alt=\"\" srcset=\"https:\/\/maggmalight.com\/wp-content\/uploads\/2025\/09\/T4-300x300.webp 300w, https:\/\/maggmalight.com\/wp-content\/uploads\/2025\/09\/T4-1024x1024.webp 1024w, https:\/\/maggmalight.com\/wp-content\/uploads\/2025\/09\/T4-150x150.webp 150w, https:\/\/maggmalight.com\/wp-content\/uploads\/2025\/09\/T4-768x768.webp 768w, https:\/\/maggmalight.com\/wp-content\/uploads\/2025\/09\/T4-1536x1536.webp 1536w, https:\/\/maggmalight.com\/wp-content\/uploads\/2025\/09\/T4-1320x1320.webp 1320w, https:\/\/maggmalight.com\/wp-content\/uploads\/2025\/09\/T4-600x600.webp 600w, https:\/\/maggmalight.com\/wp-content\/uploads\/2025\/09\/T4-100x100.webp 100w, https:\/\/maggmalight.com\/wp-content\/uploads\/2025\/09\/T4.webp 2000w\" sizes=\"(max-width: 300px) 100vw, 300px\" \/><\/a>\n\t\t\t<\/div><\/figure><figure class='gallery-item'>\n\t\t\t<div class='gallery-icon landscape'>\n\t\t\t\t<a href='https:\/\/maggmalight.com\/?attachment_id=11208'><img loading=\"lazy\" decoding=\"async\" width=\"300\" height=\"300\" src=\"https:\/\/maggmalight.com\/wp-content\/uploads\/2025\/09\/T5-300x300.webp\" class=\"attachment-medium size-medium\" alt=\"\" srcset=\"https:\/\/maggmalight.com\/wp-content\/uploads\/2025\/09\/T5-300x300.webp 300w, https:\/\/maggmalight.com\/wp-content\/uploads\/2025\/09\/T5-1024x1024.webp 1024w, https:\/\/maggmalight.com\/wp-content\/uploads\/2025\/09\/T5-150x150.webp 150w, https:\/\/maggmalight.com\/wp-content\/uploads\/2025\/09\/T5-768x768.webp 768w, https:\/\/maggmalight.com\/wp-content\/uploads\/2025\/09\/T5-1536x1536.webp 1536w, https:\/\/maggmalight.com\/wp-content\/uploads\/2025\/09\/T5-1320x1320.webp 1320w, https:\/\/maggmalight.com\/wp-content\/uploads\/2025\/09\/T5-600x600.webp 600w, https:\/\/maggmalight.com\/wp-content\/uploads\/2025\/09\/T5-100x100.webp 100w, https:\/\/maggmalight.com\/wp-content\/uploads\/2025\/09\/T5.webp 2000w\" sizes=\"(max-width: 300px) 100vw, 300px\" \/><\/a>\n\t\t\t<\/div><\/figure>\n\t\t<\/div>\n\n<p>&nbsp;<\/p>\n<h5 data-start=\"153\" data-end=\"201\">Type de montage :<\/h5>\n<p data-start=\"153\" data-end=\"201\">Voici les <strong data-start=\"10\" data-end=\"41\">principaux types de montage<\/strong> d\u2019un <strong data-start=\"47\" data-end=\"67\">rail d\u2019\u00e9clairage<\/strong><\/p>\n<p data-start=\"153\" data-end=\"201\">\u00a01. Montage en saillie (ou <strong data-start=\"186\" data-end=\"198\">apparent<\/strong>)<\/p>\n<ul data-start=\"202\" data-end=\"347\">\n<li data-start=\"202\" data-end=\"269\">\n<p data-start=\"204\" data-end=\"269\">Le rail est fix\u00e9 <strong data-start=\"221\" data-end=\"257\">directement au plafond ou au mur<\/strong>, visible.<\/p>\n<\/li>\n<li data-start=\"270\" data-end=\"347\">\n<p data-start=\"272\" data-end=\"347\">Appellation catalogue : <strong data-start=\"296\" data-end=\"319\">\u00ab Rail en saillie \u00bb<\/strong> ou <strong data-start=\"323\" data-end=\"344\">\u00ab Rail apparent \u00bb<\/strong>.<\/p>\n<\/li>\n<\/ul>\n<p data-start=\"354\" data-end=\"382\">\u00a02. Montage encastr\u00e9<\/p>\n<ul data-start=\"383\" data-end=\"563\">\n<li data-start=\"383\" data-end=\"484\">\n<p data-start=\"385\" data-end=\"484\">Le rail est <strong data-start=\"397\" data-end=\"442\">int\u00e9gr\u00e9 dans un faux-plafond ou une niche<\/strong>, il est donc <strong data-start=\"456\" data-end=\"481\">discret et affleurant<\/strong>.<\/p>\n<\/li>\n<li data-start=\"485\" data-end=\"563\">\n<p data-start=\"487\" data-end=\"563\">Appellation catalogue : <strong data-start=\"511\" data-end=\"532\">\u00ab Rail encastr\u00e9 \u00bb<\/strong> ou <strong data-start=\"536\" data-end=\"560\">\u00ab Rail \u00e0 encastrer \u00bb<\/strong>.<\/p>\n<\/li>\n<\/ul>\n<p data-start=\"570\" data-end=\"615\">3. Montage suspendu (ou <strong data-start=\"601\" data-end=\"612\">pendant<\/strong>)<\/p>\n<ul data-start=\"616\" data-end=\"762\">\n<li data-start=\"616\" data-end=\"680\">\n<p data-start=\"618\" data-end=\"680\">Le rail est <strong data-start=\"630\" data-end=\"653\">suspendu au plafond<\/strong> par des c\u00e2bles ou tiges.<\/p>\n<\/li>\n<li data-start=\"681\" data-end=\"762\">\n<p data-start=\"683\" data-end=\"762\">Appellation catalogue : <strong data-start=\"707\" data-end=\"728\">\u00ab Rail suspendu \u00bb<\/strong> ou <strong data-start=\"732\" data-end=\"759\">\u00ab Rail sur suspension \u00bb<\/strong>.<\/p>\n<\/li>\n<\/ul>\n<p data-start=\"769\" data-end=\"806\">4. Montage mural (plus rare)<\/p>\n<ul data-start=\"807\" data-end=\"936\">\n<li data-start=\"807\" data-end=\"888\">\n<p data-start=\"809\" data-end=\"888\">Le rail est fix\u00e9 <strong data-start=\"826\" data-end=\"854\">verticalement sur un mur<\/strong> pour un \u00e9clairage directionnel.<\/p>\n<\/li>\n<li data-start=\"889\" data-end=\"936\">\n<p data-start=\"891\" data-end=\"936\">Appellation catalogue : <strong data-start=\"915\" data-end=\"933\">\u00ab Rail mural \u00bb<\/strong>.<\/p>\n<\/li>\n<\/ul>\n<p><img loading=\"lazy\" decoding=\"async\" class=\"wp-image-11194 aligncenter\" src=\"https:\/\/maggmalight.com\/wp-content\/uploads\/2025\/09\/\u672a\u6807\u9898-2-11-11-scaled.webp\" alt=\"\" width=\"859\" height=\"590\" srcset=\"https:\/\/maggmalight.com\/wp-content\/uploads\/2025\/09\/\u672a\u6807\u9898-2-11-11-scaled.webp 2560w, https:\/\/maggmalight.com\/wp-content\/uploads\/2025\/09\/\u672a\u6807\u9898-2-11-11-300x206.webp 300w, https:\/\/maggmalight.com\/wp-content\/uploads\/2025\/09\/\u672a\u6807\u9898-2-11-11-1024x703.webp 1024w, https:\/\/maggmalight.com\/wp-content\/uploads\/2025\/09\/\u672a\u6807\u9898-2-11-11-768x527.webp 768w, https:\/\/maggmalight.com\/wp-content\/uploads\/2025\/09\/\u672a\u6807\u9898-2-11-11-1536x1054.webp 1536w, https:\/\/maggmalight.com\/wp-content\/uploads\/2025\/09\/\u672a\u6807\u9898-2-11-11-2048x1406.webp 2048w, https:\/\/maggmalight.com\/wp-content\/uploads\/2025\/09\/\u672a\u6807\u9898-2-11-11-1320x906.webp 1320w, https:\/\/maggmalight.com\/wp-content\/uploads\/2025\/09\/\u672a\u6807\u9898-2-11-11-600x412.webp 600w\" sizes=\"(max-width: 859px) 100vw, 859px\" \/><\/p>\n<p><img loading=\"lazy\" decoding=\"async\" class=\"size-full wp-image-11215 aligncenter\" src=\"https:\/\/maggmalight.com\/wp-content\/uploads\/2025\/09\/type-de-montage-t1-T2-T3-T4-T5.webp\" alt=\"\" width=\"978\" height=\"628\" srcset=\"https:\/\/maggmalight.com\/wp-content\/uploads\/2025\/09\/type-de-montage-t1-T2-T3-T4-T5.webp 978w, https:\/\/maggmalight.com\/wp-content\/uploads\/2025\/09\/type-de-montage-t1-T2-T3-T4-T5-300x193.webp 300w, https:\/\/maggmalight.com\/wp-content\/uploads\/2025\/09\/type-de-montage-t1-T2-T3-T4-T5-768x493.webp 768w, https:\/\/maggmalight.com\/wp-content\/uploads\/2025\/09\/type-de-montage-t1-T2-T3-T4-T5-600x385.webp 600w\" sizes=\"(max-width: 978px) 100vw, 978px\" \/><\/p>\n","protected":false},"excerpt":{"rendered":"<p><strong data-start=\"255\" data-end=\"452\">Le rail d\u2019\u00e9clairage 48V de MAGGMALIGHT est un profil\u00e9 (souvent en aluminium) qui int\u00e8gre des conducteurs \u00e9lectriques et sert \u00e0 alimenter et fixer plusieurs luminaires modulables (spots, projecteurs, suspensions).<\/strong><\/p>\n","protected":false},"featured_media":11345,"template":"","meta":[],"product_brand":[177],"product_cat":[178],"product_tag":[],"class_list":{"0":"post-11193","1":"product","2":"type-product","3":"status-publish","4":"has-post-thumbnail","6":"product_brand-maggmalight-brand","7":"product_cat-maggmalight","9":"first","10":"instock","11":"shipping-taxable","12":"product-type-simple"},"jetpack_sharing_enabled":true,"_links":{"self":[{"href":"https:\/\/maggmalight.com\/index.php\/wp-json\/wp\/v2\/product\/11193","targetHints":{"allow":["GET"]}}],"collection":[{"href":"https:\/\/maggmalight.com\/index.php\/wp-json\/wp\/v2\/product"}],"about":[{"href":"https:\/\/maggmalight.com\/index.php\/wp-json\/wp\/v2\/types\/product"}],"wp:featuredmedia":[{"embeddable":true,"href":"https:\/\/maggmalight.com\/index.php\/wp-json\/wp\/v2\/media\/11345"}],"wp:attachment":[{"href":"https:\/\/maggmalight.com\/index.php\/wp-json\/wp\/v2\/media?parent=11193"}],"wp:term":[{"taxonomy":"product_brand","embeddable":true,"href":"https:\/\/maggmalight.com\/index.php\/wp-json\/wp\/v2\/product_brand?post=11193"},{"taxonomy":"product_cat","embeddable":true,"href":"https:\/\/maggmalight.com\/index.php\/wp-json\/wp\/v2\/product_cat?post=11193"},{"taxonomy":"product_tag","embeddable":true,"href":"https:\/\/maggmalight.com\/index.php\/wp-json\/wp\/v2\/product_tag?post=11193"}],"curies":[{"name":"wp","href":"https:\/\/api.w.org\/{rel}","templated":true}]}}