{"id":11177,"date":"2025-09-22T19:16:46","date_gmt":"2025-09-22T17:16:46","guid":{"rendered":"https:\/\/maggmalight.com\/?post_type=product&#038;p=11177"},"modified":"2025-09-25T16:18:50","modified_gmt":"2025-09-25T14:18:50","slug":"projecteur-led-sur-rail-15w-mago-a1055a","status":"publish","type":"product","link":"https:\/\/maggmalight.com\/index.php\/product\/projecteur-led-sur-rail-15w-mago-a1055a\/","title":{"rendered":"Projecteur LED sur rail &#8211; MAGO A1055A"},"content":{"rendered":"<p data-start=\"221\" data-end=\"346\"><b><strong>Dans cette s\u00e9rie, quatre mod\u00e8les de produits \u00e0 15W sont disponibles. Ils se distinguent par la plage de temp\u00e9rature de couleur du projecteur, ainsi que le mode de contr\u00f4le propos\u00e9.<\/strong><\/b><\/p>\n<ul data-start=\"348\" data-end=\"590\">\n<li data-start=\"348\" data-end=\"427\">\n<p data-start=\"350\" data-end=\"427\"><strong data-start=\"350\" data-end=\"385\">Plage de temp\u00e9rature de couleur<\/strong> : plusieurs options selon l\u2019application<\/p>\n<\/li>\n<li data-start=\"428\" data-end=\"590\">\n<p data-start=\"430\" data-end=\"454\"><strong data-start=\"430\" data-end=\"450\">Mode de contr\u00f4le<\/strong> :<\/p>\n<ul data-start=\"457\" data-end=\"590\">\n<li data-start=\"457\" data-end=\"479\">\n<p data-start=\"459\" data-end=\"479\">On\/Off (classique)\u00a0 (<strong>Mod\u00e8le : MAGO LV26CLC<\/strong>)<\/p>\n<\/li>\n<li data-start=\"482\" data-end=\"512\">\n<p data-start=\"484\" data-end=\"512\">RF Remote (commande radio)\u00a0 <strong>(<\/strong><strong>Mod\u00e8le : MAGO LV26RFC)<\/strong><\/p>\n<\/li>\n<li data-start=\"515\" data-end=\"544\">\n<p data-start=\"517\" data-end=\"544\">DALI (pilotage num\u00e9rique)\u00a0 <strong>(<\/strong><strong>Mod\u00e8le : MAGO LV26DAB)<\/strong><\/p>\n<\/li>\n<li data-start=\"547\" data-end=\"590\">\n<p data-start=\"549\" data-end=\"590\">Casambi (gestion intelligente sans fil)\u00a0 <strong>(Mod\u00e8le : MAGO LV26CAC)\u00a0<\/strong><\/p>\n<\/li>\n<\/ul>\n<\/li>\n<\/ul>\n<p style=\"text-align: center;\"><b>\u00a0<\/b><\/p>\n<p><img fetchpriority=\"high\" decoding=\"async\" class=\"wp-image-11157 aligncenter\" src=\"https:\/\/maggmalight.com\/wp-content\/uploads\/2025\/09\/A1055-48V-1.webp\" alt=\"\" width=\"377\" height=\"377\" srcset=\"https:\/\/maggmalight.com\/wp-content\/uploads\/2025\/09\/A1055-48V-1.webp 2001w, https:\/\/maggmalight.com\/wp-content\/uploads\/2025\/09\/A1055-48V-1-300x300.webp 300w, https:\/\/maggmalight.com\/wp-content\/uploads\/2025\/09\/A1055-48V-1-1024x1024.webp 1024w, https:\/\/maggmalight.com\/wp-content\/uploads\/2025\/09\/A1055-48V-1-150x150.webp 150w, https:\/\/maggmalight.com\/wp-content\/uploads\/2025\/09\/A1055-48V-1-768x768.webp 768w, https:\/\/maggmalight.com\/wp-content\/uploads\/2025\/09\/A1055-48V-1-1536x1536.webp 1536w, https:\/\/maggmalight.com\/wp-content\/uploads\/2025\/09\/A1055-48V-1-1320x1319.webp 1320w, https:\/\/maggmalight.com\/wp-content\/uploads\/2025\/09\/A1055-48V-1-600x600.webp 600w, https:\/\/maggmalight.com\/wp-content\/uploads\/2025\/09\/A1055-48V-1-100x100.webp 100w\" sizes=\"(max-width: 377px) 100vw, 377px\" \/><\/p>\n<p>&nbsp;<\/p>\n<h5 style=\"text-align: center;\"><strong>Mod\u00e8les de 15W<\/strong><\/h5>\n<p>&nbsp;<\/p>\n<p style=\"text-align: center;\"><strong>Mod\u00e8le : LV26DAB<\/strong><\/p>\n<p style=\"text-align: center;\">Projecteur LED sur rail 15W<\/p>\n<p style=\"text-align: center;\">IRC Elev\u00e9, 2700K\/3000K\/3500K\/4000K<\/p>\n<p style=\"text-align: center;\">Lentille zoomable avec angle de faisceau r\u00e9glable de 15~50\u00b0<\/p>\n<p style=\"text-align: center;\">\u00c9clairage int\u00e9rieur<\/p>\n<p>&nbsp;<\/p>\n<p style=\"text-align: center;\"><strong>Mod\u00e8le : LV26DAC<\/strong><\/p>\n<p style=\"text-align: center;\">Projecteur LED sur rail 12W<\/p>\n<p style=\"text-align: center;\">IRC elev\u00e9, Tunable White 2700~6500K<\/p>\n<p style=\"text-align: center;\">Lentille zoomable avec angle de faisceau r\u00e9glable de 13~50\u00b0<\/p>\n<p style=\"text-align: center;\">\u00c9clairage int\u00e9rieur<\/p>\n<p>&nbsp;<\/p>\n<p style=\"text-align: center;\"><strong>Mod\u00e8le : LV26RFB<\/strong><\/p>\n<p style=\"text-align: center;\">Projecteur LED sur rail 15W<\/p>\n<p style=\"text-align: center;\">IRC elev\u00e9, 2700K\/3000K\/3500K\/4000K<\/p>\n<p style=\"text-align: center;\">Lentille zoomable avec angle de faisceau r\u00e9glable de 15~50\u00b0<\/p>\n<p style=\"text-align: center;\">\u00c9clairage int\u00e9rieur<\/p>\n<p>&nbsp;<\/p>\n<p>&nbsp;<\/p>\n<p style=\"text-align: center;\"><strong>Mod\u00e8le : LV26RFC<\/strong><\/p>\n<p style=\"text-align: center;\">Projecteur LED sur rail 15W<\/p>\n<p style=\"text-align: center;\">IRC elev\u00e9, Tunable White 2700~6500K<\/p>\n<p style=\"text-align: center;\">Lentille zoomable avec angle de faisceau r\u00e9glable de 13~50\u00b0<\/p>\n<p style=\"text-align: center;\">\u00c9clairage int\u00e9rieur<\/p>\n<p>&nbsp;<\/p>\n<h5 style=\"text-align: center;\"><strong>Mod\u00e8les de 12W<\/strong><\/h5>\n<p>&nbsp;<\/p>\n<p style=\"text-align: center;\"><strong>Mod\u00e8le : LV26DAB<\/strong><\/p>\n<p style=\"text-align: center;\">Projecteur LED sur rail 12W<\/p>\n<p style=\"text-align: center;\">IRC Elev\u00e9, 2700K\/3000K\/3500K\/4000K<\/p>\n<p style=\"text-align: center;\">Lentille zoomable avec angle de faisceau r\u00e9glable de 8~50\u00b0<\/p>\n<p style=\"text-align: center;\">\u00c9clairage int\u00e9rieur<\/p>\n<p>&nbsp;<\/p>\n<p style=\"text-align: center;\"><strong>Mod\u00e8le : LV26DAC<\/strong><\/p>\n<p style=\"text-align: center;\">Projecteur LED sur rail 12W<\/p>\n<p style=\"text-align: center;\">IRC elev\u00e9, Tunable White 2700~6500K<\/p>\n<p style=\"text-align: center;\">Lentille zoomable avec angle de faisceau r\u00e9glable de 13~50\u00b0<\/p>\n<p style=\"text-align: center;\">\u00c9clairage int\u00e9rieur<\/p>\n<p>&nbsp;<\/p>\n<p style=\"text-align: center;\"><strong>Mod\u00e8le : LV26RFB<\/strong><\/p>\n<p style=\"text-align: center;\">Projecteur LED sur rail 12W<\/p>\n<p style=\"text-align: center;\">IRC elev\u00e9, 2700K\/3000K\/3500K\/4000K<\/p>\n<p style=\"text-align: center;\">Lentille zoomable avec angle de faisceau r\u00e9glable de 8~50\u00b0<\/p>\n<p style=\"text-align: center;\">\u00c9clairage int\u00e9rieur<\/p>\n<p>&nbsp;<\/p>\n<p style=\"text-align: center;\"><strong>Mod\u00e8le : LV26RFC<\/strong><\/p>\n<p style=\"text-align: center;\">Projecteur LED sur rail 12W<\/p>\n<p style=\"text-align: center;\">IRC elev\u00e9, Tunable White 2700~6500K<\/p>\n<p style=\"text-align: center;\">Lentille zoomable avec angle de faisceau r\u00e9glable de 13~50\u00b0<\/p>\n<p style=\"text-align: center;\">\u00c9clairage int\u00e9rieur<\/p>\n<p>&nbsp;<\/p>\n<p>&nbsp;<\/p>\n<p>&nbsp;<\/p>\n<p>&nbsp;<\/p>\n","protected":false},"excerpt":{"rendered":"<p data-start=\"221\" data-end=\"346\"><b><strong>Dans cette s\u00e9rie, quatre mod\u00e8les de produits \u00e0 15W sont disponibles. Ils se distinguent par la plage de temp\u00e9rature de couleur du projecteur, ainsi que le mode de contr\u00f4le propos\u00e9 <\/strong><\/b><strong>: On\/Off, Casambi, RF Remote ou DALI.<\/strong><\/p>\n","protected":false},"featured_media":11159,"template":"","meta":[],"product_brand":[177],"product_cat":[178],"product_tag":[],"class_list":{"0":"post-11177","1":"product","2":"type-product","3":"status-publish","4":"has-post-thumbnail","6":"product_brand-maggmalight-brand","7":"product_cat-maggmalight","9":"first","10":"instock","11":"shipping-taxable","12":"product-type-simple"},"jetpack_sharing_enabled":true,"_links":{"self":[{"href":"https:\/\/maggmalight.com\/index.php\/wp-json\/wp\/v2\/product\/11177","targetHints":{"allow":["GET"]}}],"collection":[{"href":"https:\/\/maggmalight.com\/index.php\/wp-json\/wp\/v2\/product"}],"about":[{"href":"https:\/\/maggmalight.com\/index.php\/wp-json\/wp\/v2\/types\/product"}],"wp:featuredmedia":[{"embeddable":true,"href":"https:\/\/maggmalight.com\/index.php\/wp-json\/wp\/v2\/media\/11159"}],"wp:attachment":[{"href":"https:\/\/maggmalight.com\/index.php\/wp-json\/wp\/v2\/media?parent=11177"}],"wp:term":[{"taxonomy":"product_brand","embeddable":true,"href":"https:\/\/maggmalight.com\/index.php\/wp-json\/wp\/v2\/product_brand?post=11177"},{"taxonomy":"product_cat","embeddable":true,"href":"https:\/\/maggmalight.com\/index.php\/wp-json\/wp\/v2\/product_cat?post=11177"},{"taxonomy":"product_tag","embeddable":true,"href":"https:\/\/maggmalight.com\/index.php\/wp-json\/wp\/v2\/product_tag?post=11177"}],"curies":[{"name":"wp","href":"https:\/\/api.w.org\/{rel}","templated":true}]}}