{"id":11138,"date":"2025-09-22T12:03:53","date_gmt":"2025-09-22T10:03:53","guid":{"rendered":"https:\/\/maggmalight.com\/?post_type=product&#038;p=11138"},"modified":"2025-09-24T11:31:15","modified_gmt":"2025-09-24T09:31:15","slug":"mago-a1045a-48v-projecteur-led-sur-rail-serie-lv26","status":"publish","type":"product","link":"https:\/\/maggmalight.com\/index.php\/product\/mago-a1045a-48v-projecteur-led-sur-rail-serie-lv26\/","title":{"rendered":"Projecteur LED sur rail 10W &#8211; MAGO A1045A"},"content":{"rendered":"<p>&nbsp;<\/p>\n<p style=\"text-align: left;\"><b><strong>Dans cette s\u00e9rie, quatre mod\u00e8les de produits \u00e0 10W sont disponibles. Ils se distinguent par la plage de temp\u00e9rature de couleur du projecteur, ainsi que le mode de contr\u00f4le propos\u00e9 <\/strong><\/b>:<\/p>\n<ul data-start=\"348\" data-end=\"590\">\n<li data-start=\"348\" data-end=\"427\">\n<p data-start=\"350\" data-end=\"427\"><strong data-start=\"350\" data-end=\"385\">Plage de temp\u00e9rature de couleur<\/strong> : plusieurs options selon l\u2019application<\/p>\n<\/li>\n<li data-start=\"428\" data-end=\"590\">\n<p data-start=\"430\" data-end=\"454\"><strong data-start=\"430\" data-end=\"450\">Mode de contr\u00f4le<\/strong> :<\/p>\n<ul data-start=\"457\" data-end=\"590\">\n<li data-start=\"457\" data-end=\"479\">\n<p data-start=\"459\" data-end=\"479\">On\/Off (classique)\u00a0 (<strong>Mod\u00e8le : MAGO LV26CLC<\/strong>)<\/p>\n<\/li>\n<li data-start=\"482\" data-end=\"512\">\n<p data-start=\"484\" data-end=\"512\">RF Remote (commande radio)\u00a0 <strong>(<\/strong><strong>Mod\u00e8le : MAGO LV26RFC)<\/strong><\/p>\n<\/li>\n<li data-start=\"515\" data-end=\"544\">\n<p data-start=\"517\" data-end=\"544\">DALI (pilotage num\u00e9rique)\u00a0 <strong>(<\/strong><strong>Mod\u00e8le : MAGO LV26DAB)<\/strong><\/p>\n<\/li>\n<li data-start=\"547\" data-end=\"590\">\n<p data-start=\"549\" data-end=\"590\">Casambi (gestion intelligente sans fil)\u00a0 <strong>(Mod\u00e8le : MAGO LV26CAC)\u00a0<\/strong><\/p>\n<\/li>\n<\/ul>\n<\/li>\n<\/ul>\n<p style=\"text-align: center;\"><strong><img fetchpriority=\"high\" decoding=\"async\" class=\"wp-image-11150 aligncenter\" src=\"https:\/\/maggmalight.com\/wp-content\/uploads\/2025\/09\/A1045-48V.webp\" alt=\"\" width=\"500\" height=\"500\" srcset=\"https:\/\/maggmalight.com\/wp-content\/uploads\/2025\/09\/A1045-48V.webp 2000w, https:\/\/maggmalight.com\/wp-content\/uploads\/2025\/09\/A1045-48V-300x300.webp 300w, https:\/\/maggmalight.com\/wp-content\/uploads\/2025\/09\/A1045-48V-1024x1024.webp 1024w, https:\/\/maggmalight.com\/wp-content\/uploads\/2025\/09\/A1045-48V-150x150.webp 150w, https:\/\/maggmalight.com\/wp-content\/uploads\/2025\/09\/A1045-48V-768x768.webp 768w, https:\/\/maggmalight.com\/wp-content\/uploads\/2025\/09\/A1045-48V-1536x1536.webp 1536w, https:\/\/maggmalight.com\/wp-content\/uploads\/2025\/09\/A1045-48V-1320x1320.webp 1320w, https:\/\/maggmalight.com\/wp-content\/uploads\/2025\/09\/A1045-48V-600x600.webp 600w, https:\/\/maggmalight.com\/wp-content\/uploads\/2025\/09\/A1045-48V-100x100.webp 100w\" sizes=\"(max-width: 500px) 100vw, 500px\" \/>Mod\u00e8le : LV26CAC<\/strong><\/p>\n<p style=\"text-align: center;\">Projecteur LED sur rail 10W<\/p>\n<p style=\"text-align: center;\">IRC elev\u00e9, Tunable White 2700~6500K<\/p>\n<p style=\"text-align: center;\">Lentille zoomable avec angle de faisceau r\u00e9glable de 12~40\u00b0<\/p>\n<p style=\"text-align: center;\">\u00c9clairage int\u00e9rieur<\/p>\n<p>&nbsp;<\/p>\n<p>&nbsp;<\/p>\n<p style=\"text-align: center;\"><strong>Mod\u00e8le : LV26DAB<\/strong><\/p>\n<p style=\"text-align: center;\">Projecteur LED sur rail 10W<\/p>\n<p style=\"text-align: center;\">IRC \u00e9lev\u00e9, 2700K\/3000K\/3500K\/4000K<\/p>\n<p style=\"text-align: center;\">Lentille zoomable avec angle de faisceau r\u00e9glable de 8~40\u00b0<\/p>\n<p style=\"text-align: center;\">\u00c9clairage int\u00e9rieur<\/p>\n<p>&nbsp;<\/p>\n<p>&nbsp;<\/p>\n<p style=\"text-align: center;\"><strong>Mod\u00e8le : LV26RFB<\/strong><\/p>\n<p style=\"text-align: center;\">Projecteur LED sur rail 10W<\/p>\n<p style=\"text-align: center;\">IRC \u00e9lev\u00e9, 2700K\/3000K\/3500K\/4000K<\/p>\n<p style=\"text-align: center;\">Lentille zoomable avec angle de faisceau r\u00e9glable de 8~40\u00b0<\/p>\n<p style=\"text-align: center;\">\u00c9clairage int\u00e9rieur<\/p>\n<p>&nbsp;<\/p>\n<p>&nbsp;<\/p>\n<p style=\"text-align: center;\"><strong>Mod\u00e8le : LV26RFC<\/strong><\/p>\n<p style=\"text-align: center;\">Projecteur LED sur rail 10W<\/p>\n<p style=\"text-align: center;\">IRC Elev\u00e9, Tunable White 2700~6500K<\/p>\n<p style=\"text-align: center;\">Lentille zoomable avec angle de faisceau r\u00e9glable de 12~40\u00b0<\/p>\n<p style=\"text-align: center;\">\u00c9clairage int\u00e9rieur<\/p>\n<p>&nbsp;<\/p>\n","protected":false},"excerpt":{"rendered":"<p><strong>Dans cette s\u00e9rie, quatre mod\u00e8les de produits 10W sont disponibles. Ils se distinguent par la plage de temp\u00e9rature de couleur du projecteur, ainsi que le mode de contr\u00f4le propos\u00e9 : On\/Off, Casambi, RF Remote ou DALI.<\/strong><\/p>\n","protected":false},"featured_media":11146,"template":"","meta":[],"product_brand":[177],"product_cat":[178],"product_tag":[],"class_list":{"0":"post-11138","1":"product","2":"type-product","3":"status-publish","4":"has-post-thumbnail","6":"product_brand-maggmalight-brand","7":"product_cat-maggmalight","9":"first","10":"instock","11":"shipping-taxable","12":"product-type-simple"},"jetpack_sharing_enabled":true,"_links":{"self":[{"href":"https:\/\/maggmalight.com\/index.php\/wp-json\/wp\/v2\/product\/11138","targetHints":{"allow":["GET"]}}],"collection":[{"href":"https:\/\/maggmalight.com\/index.php\/wp-json\/wp\/v2\/product"}],"about":[{"href":"https:\/\/maggmalight.com\/index.php\/wp-json\/wp\/v2\/types\/product"}],"wp:featuredmedia":[{"embeddable":true,"href":"https:\/\/maggmalight.com\/index.php\/wp-json\/wp\/v2\/media\/11146"}],"wp:attachment":[{"href":"https:\/\/maggmalight.com\/index.php\/wp-json\/wp\/v2\/media?parent=11138"}],"wp:term":[{"taxonomy":"product_brand","embeddable":true,"href":"https:\/\/maggmalight.com\/index.php\/wp-json\/wp\/v2\/product_brand?post=11138"},{"taxonomy":"product_cat","embeddable":true,"href":"https:\/\/maggmalight.com\/index.php\/wp-json\/wp\/v2\/product_cat?post=11138"},{"taxonomy":"product_tag","embeddable":true,"href":"https:\/\/maggmalight.com\/index.php\/wp-json\/wp\/v2\/product_tag?post=11138"}],"curies":[{"name":"wp","href":"https:\/\/api.w.org\/{rel}","templated":true}]}}