{"id":11122,"date":"2025-09-18T12:45:31","date_gmt":"2025-09-18T10:45:31","guid":{"rendered":"https:\/\/maggmalight.com\/?post_type=product&#038;p=11122"},"modified":"2025-09-24T11:20:58","modified_gmt":"2025-09-24T09:20:58","slug":"projecteur-led-sur-rail-6w-mago-a1035a","status":"publish","type":"product","link":"https:\/\/maggmalight.com\/index.php\/product\/projecteur-led-sur-rail-6w-mago-a1035a\/","title":{"rendered":"Projecteur LED sur rail 6W &#8211; MAGO A1035A"},"content":{"rendered":"<p>&nbsp;<\/p>\n<p><strong>Dans cette s\u00e9rie, quatre mod\u00e8les de produits de 6W sont disponibles. Ils se distinguent par la plage de temp\u00e9rature de couleur du projecteur, ainsi que le mode de contr\u00f4le propos\u00e9 : RF Remote ou DALI.<\/strong><\/p>\n<p><img fetchpriority=\"high\" decoding=\"async\" class=\"wp-image-11129 aligncenter\" src=\"https:\/\/maggmalight.com\/wp-content\/uploads\/2025\/09\/A1035A_48V.webp\" alt=\"\" width=\"472\" height=\"472\" srcset=\"https:\/\/maggmalight.com\/wp-content\/uploads\/2025\/09\/A1035A_48V.webp 2000w, https:\/\/maggmalight.com\/wp-content\/uploads\/2025\/09\/A1035A_48V-300x300.webp 300w, https:\/\/maggmalight.com\/wp-content\/uploads\/2025\/09\/A1035A_48V-1024x1024.webp 1024w, https:\/\/maggmalight.com\/wp-content\/uploads\/2025\/09\/A1035A_48V-150x150.webp 150w, https:\/\/maggmalight.com\/wp-content\/uploads\/2025\/09\/A1035A_48V-768x768.webp 768w, https:\/\/maggmalight.com\/wp-content\/uploads\/2025\/09\/A1035A_48V-1536x1536.webp 1536w, https:\/\/maggmalight.com\/wp-content\/uploads\/2025\/09\/A1035A_48V-1320x1320.webp 1320w, https:\/\/maggmalight.com\/wp-content\/uploads\/2025\/09\/A1035A_48V-600x600.webp 600w, https:\/\/maggmalight.com\/wp-content\/uploads\/2025\/09\/A1035A_48V-100x100.webp 100w\" sizes=\"(max-width: 472px) 100vw, 472px\" \/><\/p>\n<p style=\"text-align: center;\"><strong>Mod\u00e8le:\u00a0 LV26RFC<\/strong><\/p>\n<p style=\"text-align: center;\">Projecteur LED sur rail 6W<\/p>\n<p style=\"text-align: center;\">IRC elev\u00e9, Tunable White 2700~6500K<\/p>\n<p style=\"text-align: center;\">Lentille zoomable avec angle de faisceau r\u00e9glable de 15~43\u00b0<\/p>\n<p style=\"text-align: center;\">\u00c9clairage int\u00e9rieur<\/p>\n<p>&nbsp;<\/p>\n<p>&nbsp;<\/p>\n<p style=\"text-align: center;\"><strong>Mod\u00e8le:\u00a0 LV26RFB<\/strong><\/p>\n<p style=\"text-align: center;\">Projecteur LED sur rail 6W<\/p>\n<p style=\"text-align: center;\">IRC elev\u00e9, 2700K\/3000K\/3500K\/4000K<\/p>\n<p style=\"text-align: center;\">Lentille zoomable avec angle de faisceau r\u00e9glable de 12~43<\/p>\n<p style=\"text-align: center;\">\u00c9clairage int\u00e9rieur<\/p>\n<p>&nbsp;<\/p>\n<p>&nbsp;<\/p>\n<p style=\"text-align: center;\"><strong>Mod\u00e8le:\u00a0 LV26DAC<\/strong><\/p>\n<p style=\"text-align: center;\">Projecteur LED sur rail 6W<\/p>\n<p style=\"text-align: center;\">IRC \u00e9lev\u00e9, Tunable White(TW) 2700~6500K<\/p>\n<p style=\"text-align: center;\">Lentille zoomable avec angle de faisceau r\u00e9glable 15~43\u00b0<\/p>\n<p>&nbsp;<\/p>\n<p>&nbsp;<\/p>\n<p style=\"text-align: center;\"><strong>Mod\u00e8le:\u00a0 LV26DAB<\/strong><\/p>\n<p style=\"text-align: center;\">Projecteur LED sur rail 6W<\/p>\n<p style=\"text-align: center;\">IRC \u00e9lev\u00e9, 2700K\/3000K\/3500K\/4000K<\/p>\n<p style=\"text-align: center;\">Lentille zoomable avec angle de faisceau r\u00e9glable de 12 \u00e0 43\u00b0<\/p>\n<p style=\"text-align: center;\">\u00c9clairage int\u00e9rieur<\/p>\n<p>&nbsp;<\/p>\n","protected":false},"excerpt":{"rendered":"<p><strong>Dans cette s\u00e9rie, quatre mod\u00e8les de produits sont disponibles. Ils se distinguent par la plage de temp\u00e9rature de couleur du projecteur, ainsi que le mode de contr\u00f4le propos\u00e9 : RF Remote ou DALI.<\/strong><\/p>\n","protected":false},"featured_media":11123,"template":"","meta":[],"product_brand":[177],"product_cat":[178],"product_tag":[],"class_list":{"0":"post-11122","1":"product","2":"type-product","3":"status-publish","4":"has-post-thumbnail","6":"product_brand-maggmalight-brand","7":"product_cat-maggmalight","9":"first","10":"instock","11":"shipping-taxable","12":"product-type-simple"},"jetpack_sharing_enabled":true,"_links":{"self":[{"href":"https:\/\/maggmalight.com\/index.php\/wp-json\/wp\/v2\/product\/11122","targetHints":{"allow":["GET"]}}],"collection":[{"href":"https:\/\/maggmalight.com\/index.php\/wp-json\/wp\/v2\/product"}],"about":[{"href":"https:\/\/maggmalight.com\/index.php\/wp-json\/wp\/v2\/types\/product"}],"wp:featuredmedia":[{"embeddable":true,"href":"https:\/\/maggmalight.com\/index.php\/wp-json\/wp\/v2\/media\/11123"}],"wp:attachment":[{"href":"https:\/\/maggmalight.com\/index.php\/wp-json\/wp\/v2\/media?parent=11122"}],"wp:term":[{"taxonomy":"product_brand","embeddable":true,"href":"https:\/\/maggmalight.com\/index.php\/wp-json\/wp\/v2\/product_brand?post=11122"},{"taxonomy":"product_cat","embeddable":true,"href":"https:\/\/maggmalight.com\/index.php\/wp-json\/wp\/v2\/product_cat?post=11122"},{"taxonomy":"product_tag","embeddable":true,"href":"https:\/\/maggmalight.com\/index.php\/wp-json\/wp\/v2\/product_tag?post=11122"}],"curies":[{"name":"wp","href":"https:\/\/api.w.org\/{rel}","templated":true}]}}